{"id":14852,"date":"2025-05-23T09:46:56","date_gmt":"2025-05-23T09:46:56","guid":{"rendered":"https:\/\/tuncamakina.com\/?page_id=14852"},"modified":"2025-06-17T11:19:38","modified_gmt":"2025-06-17T11:19:38","slug":"our-quality-certificates","status":"publish","type":"page","link":"https:\/\/tuncamakina.com\/en\/our-quality-certificates\/","title":{"rendered":"Our Quality Certificates"},"content":{"rendered":"<div data-elementor-type=\"wp-page\" data-elementor-id=\"14852\" class=\"elementor elementor-14852\" data-elementor-post-type=\"page\">\n\t\t\t\t<div class=\"elementor-element elementor-element-5f2e4cf e-con-full wd-section-stretch e-flex e-con e-parent\" data-id=\"5f2e4cf\" data-element_type=\"container\" data-e-type=\"container\">\n\t\t<div class=\"elementor-element elementor-element-7936792 e-con-full e-flex e-con e-child\" data-id=\"7936792\" data-element_type=\"container\" data-e-type=\"container\">\n\t\t\t\t<div class=\"elementor-element elementor-element-56683be elementor-position-top elementor-widget elementor-widget-image-box\" data-id=\"56683be\" data-element_type=\"widget\" data-e-type=\"widget\" data-widget_type=\"image-box.default\">\n\t\t\t\t\t<div class=\"elementor-image-box-wrapper\"><figure class=\"elementor-image-box-img\"><img loading=\"lazy\" decoding=\"async\" width=\"641\" height=\"909\" src=\"https:\/\/tuncamakina.com\/wp-content\/uploads\/2025\/05\/ISO-14001-2015.jpg\" class=\"attachment-full size-full wp-image-14859\" alt=\"\" srcset=\"https:\/\/tuncamakina.com\/wp-content\/uploads\/2025\/05\/ISO-14001-2015.jpg 641w, https:\/\/tuncamakina.com\/wp-content\/uploads\/2025\/05\/ISO-14001-2015-212x300.jpg 212w, https:\/\/tuncamakina.com\/wp-content\/uploads\/2025\/05\/ISO-14001-2015-564x800.jpg 564w, https:\/\/tuncamakina.com\/wp-content\/uploads\/2025\/05\/ISO-14001-2015-430x610.jpg 430w, https:\/\/tuncamakina.com\/wp-content\/uploads\/2025\/05\/ISO-14001-2015-150x213.jpg 150w\" sizes=\"auto, (max-width: 641px) 100vw, 641px\" \/><\/figure><\/div>\t\t\t\t<\/div>\n\t\t\t\t<\/div>\n\t\t<div class=\"elementor-element elementor-element-e77c333 e-con-full e-flex e-con e-child\" data-id=\"e77c333\" data-element_type=\"container\" data-e-type=\"container\">\n\t\t\t\t<div class=\"elementor-element elementor-element-b48fc10 elementor-position-top elementor-widget elementor-widget-image-box\" data-id=\"b48fc10\" data-element_type=\"widget\" data-e-type=\"widget\" data-widget_type=\"image-box.default\">\n\t\t\t\t\t<div class=\"elementor-image-box-wrapper\"><figure class=\"elementor-image-box-img\"><img loading=\"lazy\" decoding=\"async\" width=\"637\" height=\"906\" src=\"https:\/\/tuncamakina.com\/wp-content\/uploads\/2025\/05\/ISO-9001-2015.jpg\" class=\"attachment-full size-full wp-image-14858\" alt=\"\" srcset=\"https:\/\/tuncamakina.com\/wp-content\/uploads\/2025\/05\/ISO-9001-2015.jpg 637w, https:\/\/tuncamakina.com\/wp-content\/uploads\/2025\/05\/ISO-9001-2015-211x300.jpg 211w, https:\/\/tuncamakina.com\/wp-content\/uploads\/2025\/05\/ISO-9001-2015-562x800.jpg 562w, https:\/\/tuncamakina.com\/wp-content\/uploads\/2025\/05\/ISO-9001-2015-430x612.jpg 430w, https:\/\/tuncamakina.com\/wp-content\/uploads\/2025\/05\/ISO-9001-2015-150x213.jpg 150w\" sizes=\"auto, (max-width: 637px) 100vw, 637px\" \/><\/figure><\/div>\t\t\t\t<\/div>\n\t\t\t\t<\/div>\n\t\t<div class=\"elementor-element elementor-element-beb51d6 e-con-full e-flex e-con e-child\" data-id=\"beb51d6\" data-element_type=\"container\" data-e-type=\"container\">\n\t\t\t\t<div class=\"elementor-element elementor-element-458e47c elementor-position-top elementor-widget elementor-widget-image-box\" data-id=\"458e47c\" data-element_type=\"widget\" data-e-type=\"widget\" data-widget_type=\"image-box.default\">\n\t\t\t\t\t<div class=\"elementor-image-box-wrapper\"><figure class=\"elementor-image-box-img\"><img loading=\"lazy\" decoding=\"async\" width=\"643\" height=\"907\" src=\"https:\/\/tuncamakina.com\/wp-content\/uploads\/2025\/05\/IATF-16949-2016-TR.jpg\" class=\"attachment-full size-full wp-image-14857\" alt=\"\" srcset=\"https:\/\/tuncamakina.com\/wp-content\/uploads\/2025\/05\/IATF-16949-2016-TR.jpg 643w, https:\/\/tuncamakina.com\/wp-content\/uploads\/2025\/05\/IATF-16949-2016-TR-213x300.jpg 213w, https:\/\/tuncamakina.com\/wp-content\/uploads\/2025\/05\/IATF-16949-2016-TR-567x800.jpg 567w, https:\/\/tuncamakina.com\/wp-content\/uploads\/2025\/05\/IATF-16949-2016-TR-430x607.jpg 430w, https:\/\/tuncamakina.com\/wp-content\/uploads\/2025\/05\/IATF-16949-2016-TR-150x212.jpg 150w\" sizes=\"auto, (max-width: 643px) 100vw, 643px\" \/><\/figure><\/div>\t\t\t\t<\/div>\n\t\t\t\t<\/div>\n\t\t\t\t<\/div>\n\t\t<div class=\"elementor-element elementor-element-aa9a859 e-con-full wd-section-stretch e-flex e-con e-parent\" data-id=\"aa9a859\" data-element_type=\"container\" data-e-type=\"container\">\n\t\t<div class=\"elementor-element elementor-element-d8433b4 e-con-full e-flex e-con e-child\" data-id=\"d8433b4\" data-element_type=\"container\" data-e-type=\"container\">\n\t\t\t\t<div class=\"elementor-element elementor-element-c52bb56 elementor-position-top elementor-widget elementor-widget-image-box\" data-id=\"c52bb56\" data-element_type=\"widget\" data-e-type=\"widget\" data-widget_type=\"image-box.default\">\n\t\t\t\t\t<div class=\"elementor-image-box-wrapper\"><figure class=\"elementor-image-box-img\"><img loading=\"lazy\" decoding=\"async\" width=\"600\" height=\"854\" src=\"https:\/\/tuncamakina.com\/wp-content\/uploads\/2025\/05\/IATF-16949-2016-EN-600x854-1.jpg\" class=\"attachment-full size-full wp-image-14856\" alt=\"\" srcset=\"https:\/\/tuncamakina.com\/wp-content\/uploads\/2025\/05\/IATF-16949-2016-EN-600x854-1.jpg 600w, https:\/\/tuncamakina.com\/wp-content\/uploads\/2025\/05\/IATF-16949-2016-EN-600x854-1-211x300.jpg 211w, https:\/\/tuncamakina.com\/wp-content\/uploads\/2025\/05\/IATF-16949-2016-EN-600x854-1-562x800.jpg 562w, https:\/\/tuncamakina.com\/wp-content\/uploads\/2025\/05\/IATF-16949-2016-EN-600x854-1-430x612.jpg 430w, https:\/\/tuncamakina.com\/wp-content\/uploads\/2025\/05\/IATF-16949-2016-EN-600x854-1-150x214.jpg 150w\" sizes=\"auto, (max-width: 600px) 100vw, 600px\" \/><\/figure><\/div>\t\t\t\t<\/div>\n\t\t\t\t<div class=\"elementor-element elementor-element-dd16138 elementor-hidden-desktop elementor-hidden-tablet elementor-widget-divider--view-line elementor-widget elementor-widget-divider\" data-id=\"dd16138\" data-element_type=\"widget\" data-e-type=\"widget\" data-widget_type=\"divider.default\">\n\t\t\t\t\t\t\t<div class=\"elementor-divider\">\n\t\t\t<span class=\"elementor-divider-separator\">\n\t\t\t\t\t\t<\/span>\n\t\t<\/div>\n\t\t\t\t\t\t<\/div>\n\t\t\t\t<\/div>\n\t\t<div class=\"elementor-element elementor-element-5cc3f98 e-con-full e-flex e-con e-child\" data-id=\"5cc3f98\" data-element_type=\"container\" data-e-type=\"container\">\n\t\t\t\t<div class=\"elementor-element elementor-element-11d0d54 elementor-position-top elementor-widget elementor-widget-image-box\" data-id=\"11d0d54\" data-element_type=\"widget\" data-e-type=\"widget\" data-widget_type=\"image-box.default\">\n\t\t\t\t\t<div class=\"elementor-image-box-wrapper\"><figure class=\"elementor-image-box-img\"><img loading=\"lazy\" decoding=\"async\" width=\"600\" height=\"848\" src=\"https:\/\/tuncamakina.com\/wp-content\/uploads\/2025\/05\/14001-A.S-600x848-1.jpg\" class=\"attachment-full size-full wp-image-14854\" alt=\"\" srcset=\"https:\/\/tuncamakina.com\/wp-content\/uploads\/2025\/05\/14001-A.S-600x848-1.jpg 600w, https:\/\/tuncamakina.com\/wp-content\/uploads\/2025\/05\/14001-A.S-600x848-1-212x300.jpg 212w, https:\/\/tuncamakina.com\/wp-content\/uploads\/2025\/05\/14001-A.S-600x848-1-566x800.jpg 566w, https:\/\/tuncamakina.com\/wp-content\/uploads\/2025\/05\/14001-A.S-600x848-1-430x608.jpg 430w, https:\/\/tuncamakina.com\/wp-content\/uploads\/2025\/05\/14001-A.S-600x848-1-150x212.jpg 150w\" sizes=\"auto, (max-width: 600px) 100vw, 600px\" \/><\/figure><\/div>\t\t\t\t<\/div>\n\t\t\t\t<\/div>\n\t\t<div class=\"elementor-element elementor-element-8d1c47a e-con-full e-flex e-con e-child\" data-id=\"8d1c47a\" data-element_type=\"container\" data-e-type=\"container\">\n\t\t\t\t<div class=\"elementor-element elementor-element-a732914 elementor-position-top elementor-widget elementor-widget-image-box\" data-id=\"a732914\" data-element_type=\"widget\" data-e-type=\"widget\" data-widget_type=\"image-box.default\">\n\t\t\t\t\t<div class=\"elementor-image-box-wrapper\"><figure class=\"elementor-image-box-img\"><img loading=\"lazy\" decoding=\"async\" width=\"1653\" height=\"2341\" src=\"https:\/\/tuncamakina.com\/wp-content\/uploads\/2025\/05\/TUNCA-TEK-KAT-CNC-CE-BELGESI-EXP.25.07.2025-1.png\" class=\"attachment-full size-full wp-image-15062\" alt=\"\" srcset=\"https:\/\/tuncamakina.com\/wp-content\/uploads\/2025\/05\/TUNCA-TEK-KAT-CNC-CE-BELGESI-EXP.25.07.2025-1.png 1653w, https:\/\/tuncamakina.com\/wp-content\/uploads\/2025\/05\/TUNCA-TEK-KAT-CNC-CE-BELGESI-EXP.25.07.2025-1-212x300.png 212w, https:\/\/tuncamakina.com\/wp-content\/uploads\/2025\/05\/TUNCA-TEK-KAT-CNC-CE-BELGESI-EXP.25.07.2025-1-565x800.png 565w, https:\/\/tuncamakina.com\/wp-content\/uploads\/2025\/05\/TUNCA-TEK-KAT-CNC-CE-BELGESI-EXP.25.07.2025-1-768x1088.png 768w, https:\/\/tuncamakina.com\/wp-content\/uploads\/2025\/05\/TUNCA-TEK-KAT-CNC-CE-BELGESI-EXP.25.07.2025-1-1085x1536.png 1085w, https:\/\/tuncamakina.com\/wp-content\/uploads\/2025\/05\/TUNCA-TEK-KAT-CNC-CE-BELGESI-EXP.25.07.2025-1-1446x2048.png 1446w, https:\/\/tuncamakina.com\/wp-content\/uploads\/2025\/05\/TUNCA-TEK-KAT-CNC-CE-BELGESI-EXP.25.07.2025-1-430x609.png 430w, https:\/\/tuncamakina.com\/wp-content\/uploads\/2025\/05\/TUNCA-TEK-KAT-CNC-CE-BELGESI-EXP.25.07.2025-1-700x991.png 700w, https:\/\/tuncamakina.com\/wp-content\/uploads\/2025\/05\/TUNCA-TEK-KAT-CNC-CE-BELGESI-EXP.25.07.2025-1-150x212.png 150w\" sizes=\"auto, (max-width: 1653px) 100vw, 1653px\" \/><\/figure><\/div>\t\t\t\t<\/div>\n\t\t\t\t<\/div>\n\t\t\t\t<\/div>\n\t\t<div class=\"elementor-element elementor-element-373f547 e-con-full wd-section-stretch e-flex e-con e-parent\" data-id=\"373f547\" data-element_type=\"container\" data-e-type=\"container\">\n\t\t<div class=\"elementor-element elementor-element-c23ce9d e-con-full e-flex e-con e-child\" data-id=\"c23ce9d\" data-element_type=\"container\" data-e-type=\"container\">\n\t\t\t\t<div class=\"elementor-element elementor-element-29e517b elementor-position-top elementor-widget elementor-widget-image-box\" data-id=\"29e517b\" data-element_type=\"widget\" data-e-type=\"widget\" data-widget_type=\"image-box.default\">\n\t\t\t\t\t<div class=\"elementor-image-box-wrapper\"><figure class=\"elementor-image-box-img\"><img loading=\"lazy\" decoding=\"async\" width=\"1650\" height=\"2340\" src=\"https:\/\/tuncamakina.com\/wp-content\/uploads\/2025\/06\/ISO-9001-1.png\" class=\"attachment-full size-full wp-image-15267\" alt=\"\" srcset=\"https:\/\/tuncamakina.com\/wp-content\/uploads\/2025\/06\/ISO-9001-1.png 1650w, https:\/\/tuncamakina.com\/wp-content\/uploads\/2025\/06\/ISO-9001-1-212x300.png 212w, https:\/\/tuncamakina.com\/wp-content\/uploads\/2025\/06\/ISO-9001-1-564x800.png 564w, https:\/\/tuncamakina.com\/wp-content\/uploads\/2025\/06\/ISO-9001-1-768x1089.png 768w, https:\/\/tuncamakina.com\/wp-content\/uploads\/2025\/06\/ISO-9001-1-1083x1536.png 1083w, https:\/\/tuncamakina.com\/wp-content\/uploads\/2025\/06\/ISO-9001-1-1444x2048.png 1444w, https:\/\/tuncamakina.com\/wp-content\/uploads\/2025\/06\/ISO-9001-1-8x12.png 8w, https:\/\/tuncamakina.com\/wp-content\/uploads\/2025\/06\/ISO-9001-1-430x610.png 430w\" sizes=\"auto, (max-width: 1650px) 100vw, 1650px\" \/><\/figure><\/div>\t\t\t\t<\/div>\n\t\t\t\t<div class=\"elementor-element elementor-element-a305309 elementor-hidden-desktop elementor-hidden-tablet elementor-widget-divider--view-line elementor-widget elementor-widget-divider\" data-id=\"a305309\" data-element_type=\"widget\" data-e-type=\"widget\" data-widget_type=\"divider.default\">\n\t\t\t\t\t\t\t<div class=\"elementor-divider\">\n\t\t\t<span class=\"elementor-divider-separator\">\n\t\t\t\t\t\t<\/span>\n\t\t<\/div>\n\t\t\t\t\t\t<\/div>\n\t\t\t\t<\/div>\n\t\t<div class=\"elementor-element elementor-element-769773f e-con-full e-flex e-con e-child\" data-id=\"769773f\" data-element_type=\"container\" data-e-type=\"container\">\n\t\t\t\t<div class=\"elementor-element elementor-element-c321022 elementor-position-top elementor-widget elementor-widget-image-box\" data-id=\"c321022\" data-element_type=\"widget\" data-e-type=\"widget\" data-widget_type=\"image-box.default\">\n\t\t\t\t\t<div class=\"elementor-image-box-wrapper\"><figure class=\"elementor-image-box-img\"><img loading=\"lazy\" decoding=\"async\" width=\"1650\" height=\"2335\" src=\"https:\/\/tuncamakina.com\/wp-content\/uploads\/2025\/06\/ISO-22000-1.png\" class=\"attachment-full size-full wp-image-15269\" alt=\"\" srcset=\"https:\/\/tuncamakina.com\/wp-content\/uploads\/2025\/06\/ISO-22000-1.png 1650w, https:\/\/tuncamakina.com\/wp-content\/uploads\/2025\/06\/ISO-22000-1-212x300.png 212w, https:\/\/tuncamakina.com\/wp-content\/uploads\/2025\/06\/ISO-22000-1-565x800.png 565w, https:\/\/tuncamakina.com\/wp-content\/uploads\/2025\/06\/ISO-22000-1-768x1087.png 768w, https:\/\/tuncamakina.com\/wp-content\/uploads\/2025\/06\/ISO-22000-1-1085x1536.png 1085w\" sizes=\"auto, (max-width: 1650px) 100vw, 1650px\" \/><\/figure><\/div>\t\t\t\t<\/div>\n\t\t\t\t<\/div>\n\t\t<div class=\"elementor-element elementor-element-ce8abef e-con-full e-flex e-con e-child\" data-id=\"ce8abef\" data-element_type=\"container\" data-e-type=\"container\">\n\t\t\t\t<div class=\"elementor-element elementor-element-7c339ce elementor-position-top elementor-widget elementor-widget-image-box\" data-id=\"7c339ce\" data-element_type=\"widget\" data-e-type=\"widget\" data-widget_type=\"image-box.default\">\n\t\t\t\t\t<div class=\"elementor-image-box-wrapper\"><figure class=\"elementor-image-box-img\"><img loading=\"lazy\" decoding=\"async\" width=\"1654\" height=\"2339\" src=\"https:\/\/tuncamakina.com\/wp-content\/uploads\/2025\/06\/ISO-45001-1.png\" class=\"attachment-full size-full wp-image-15270\" alt=\"\" srcset=\"https:\/\/tuncamakina.com\/wp-content\/uploads\/2025\/06\/ISO-45001-1.png 1654w, https:\/\/tuncamakina.com\/wp-content\/uploads\/2025\/06\/ISO-45001-1-212x300.png 212w, https:\/\/tuncamakina.com\/wp-content\/uploads\/2025\/06\/ISO-45001-1-566x800.png 566w, https:\/\/tuncamakina.com\/wp-content\/uploads\/2025\/06\/ISO-45001-1-768x1086.png 768w, https:\/\/tuncamakina.com\/wp-content\/uploads\/2025\/06\/ISO-45001-1-1086x1536.png 1086w, https:\/\/tuncamakina.com\/wp-content\/uploads\/2025\/06\/ISO-45001-1-1448x2048.png 1448w, https:\/\/tuncamakina.com\/wp-content\/uploads\/2025\/06\/ISO-45001-1-8x12.png 8w, https:\/\/tuncamakina.com\/wp-content\/uploads\/2025\/06\/ISO-45001-1-430x608.png 430w, https:\/\/tuncamakina.com\/wp-content\/uploads\/2025\/06\/ISO-45001-1-700x990.png 700w, https:\/\/tuncamakina.com\/wp-content\/uploads\/2025\/06\/ISO-45001-1-150x212.png 150w\" sizes=\"auto, (max-width: 1654px) 100vw, 1654px\" \/><\/figure><\/div>\t\t\t\t<\/div>\n\t\t\t\t<\/div>\n\t\t\t\t<\/div>\n\t\t<div class=\"elementor-element elementor-element-3c20712 e-con-full wd-section-stretch e-flex e-con e-parent\" data-id=\"3c20712\" data-element_type=\"container\" data-e-type=\"container\">\n\t\t<div class=\"elementor-element elementor-element-4b91b94 e-con-full e-flex e-con e-child\" data-id=\"4b91b94\" data-element_type=\"container\" data-e-type=\"container\">\n\t\t\t\t<div class=\"elementor-element elementor-element-8d54a15 elementor-hidden-desktop elementor-hidden-tablet elementor-widget-divider--view-line elementor-widget elementor-widget-divider\" data-id=\"8d54a15\" data-element_type=\"widget\" data-e-type=\"widget\" data-widget_type=\"divider.default\">\n\t\t\t\t\t\t\t<div class=\"elementor-divider\">\n\t\t\t<span class=\"elementor-divider-separator\">\n\t\t\t\t\t\t<\/span>\n\t\t<\/div>\n\t\t\t\t\t\t<\/div>\n\t\t\t\t<\/div>\n\t\t<div class=\"elementor-element elementor-element-ce99885 e-con-full e-flex e-con e-child\" data-id=\"ce99885\" data-element_type=\"container\" data-e-type=\"container\">\n\t\t\t\t<div class=\"elementor-element elementor-element-6b58643 elementor-position-top elementor-widget elementor-widget-image-box\" data-id=\"6b58643\" data-element_type=\"widget\" data-e-type=\"widget\" data-widget_type=\"image-box.default\">\n\t\t\t\t\t<div class=\"elementor-image-box-wrapper\"><figure class=\"elementor-image-box-img\"><img loading=\"lazy\" decoding=\"async\" width=\"1650\" height=\"2340\" src=\"https:\/\/tuncamakina.com\/wp-content\/uploads\/2025\/06\/ISO-9001-1-1.png\" class=\"attachment-full size-full wp-image-15271\" alt=\"\" srcset=\"https:\/\/tuncamakina.com\/wp-content\/uploads\/2025\/06\/ISO-9001-1-1.png 1650w, https:\/\/tuncamakina.com\/wp-content\/uploads\/2025\/06\/ISO-9001-1-1-212x300.png 212w, https:\/\/tuncamakina.com\/wp-content\/uploads\/2025\/06\/ISO-9001-1-1-564x800.png 564w, https:\/\/tuncamakina.com\/wp-content\/uploads\/2025\/06\/ISO-9001-1-1-768x1089.png 768w, https:\/\/tuncamakina.com\/wp-content\/uploads\/2025\/06\/ISO-9001-1-1-1083x1536.png 1083w, https:\/\/tuncamakina.com\/wp-content\/uploads\/2025\/06\/ISO-9001-1-1-1444x2048.png 1444w, https:\/\/tuncamakina.com\/wp-content\/uploads\/2025\/06\/ISO-9001-1-1-8x12.png 8w, https:\/\/tuncamakina.com\/wp-content\/uploads\/2025\/06\/ISO-9001-1-1-430x610.png 430w\" sizes=\"auto, (max-width: 1650px) 100vw, 1650px\" \/><\/figure><\/div>\t\t\t\t<\/div>\n\t\t\t\t<\/div>\n\t\t<div class=\"elementor-element elementor-element-ac99801 e-con-full e-flex e-con e-child\" data-id=\"ac99801\" data-element_type=\"container\" data-e-type=\"container\">\n\t\t\t\t<\/div>\n\t\t\t\t<\/div>\n\t\t\t\t<section class=\"wd-negative-gap elementor-section elementor-top-section elementor-element elementor-element-dbf0ee7 elementor-section-content-middle wd-section-stretch elementor-section-boxed elementor-section-height-default elementor-section-height-default\" data-id=\"dbf0ee7\" data-element_type=\"section\" data-e-type=\"section\" data-settings=\"{&quot;background_background&quot;:&quot;classic&quot;,&quot;shape_divider_top&quot;:&quot;wd_curved_line&quot;,&quot;shape_divider_bottom&quot;:&quot;wd_curved_line&quot;}\">\n\t\t\t\t\t\t\t<div class=\"elementor-background-overlay\"><\/div>\n\t\t\t\t\t\t<div class=\"elementor-shape elementor-shape-top\" aria-hidden=\"true\" data-negative=\"false\">\n\t\t\t<svg xmlns=\"http:\/\/www.w3.org\/2000\/svg\" class=\"wd-divider\" xmlns:xlink=\"http:\/\/www.w3.org\/1999\/xlink\" x=\"0px\" y=\"0px\"\n\t viewbox=\"0 0 100 100\" width=\"100%\" height=\"50px\" preserveaspectratio=\"none\">\n<path class=\"elementor-shape-fill\" display=\"none\" d=\"M100,25.8V100H0V52.5c-4.9-6.8-9.5-13.8-15-19.7V101h125V20.9C106.3,22,103,23.7,100,25.8z\"\/>\n<path class=\"elementor-shape-fill\" d=\"M0,0v99c22-20.6,28.7-69.7,61.4-69.7c18.8,0,29.1,16.2,38.6,34V0L0,0z\"\/>\n<\/svg>\n\t\t<\/div>\n\t\t\t\t<div class=\"elementor-shape elementor-shape-bottom\" aria-hidden=\"true\" data-negative=\"false\">\n\t\t\t<svg xmlns=\"http:\/\/www.w3.org\/2000\/svg\" class=\"wd-divider\" xmlns:xlink=\"http:\/\/www.w3.org\/1999\/xlink\" x=\"0px\" y=\"0px\"\n\t viewbox=\"0 0 100 100\" width=\"100%\" height=\"50px\" preserveaspectratio=\"none\">\n<path class=\"elementor-shape-fill\" display=\"none\" d=\"M100,25.8V100H0V52.5c-4.9-6.8-9.5-13.8-15-19.7V101h125V20.9C106.3,22,103,23.7,100,25.8z\"\/>\n<path class=\"elementor-shape-fill\" d=\"M0,0v99c22-20.6,28.7-69.7,61.4-69.7c18.8,0,29.1,16.2,38.6,34V0L0,0z\"\/>\n<\/svg>\n\t\t<\/div>\n\t\t\t\t\t<div class=\"elementor-container elementor-column-gap-wide\">\n\t\t\t\t\t<div class=\"elementor-column elementor-col-100 elementor-top-column elementor-element elementor-element-e68b11e\" data-id=\"e68b11e\" data-element_type=\"column\" data-e-type=\"column\">\n\t\t\t<div class=\"elementor-widget-wrap elementor-element-populated\">\n\t\t\t\t\t\t<div class=\"elementor-element elementor-element-ce452de elementor-widget__width-initial wd-width-100 elementor-widget elementor-widget-wd_title\" data-id=\"ce452de\" data-element_type=\"widget\" data-e-type=\"widget\" data-widget_type=\"wd_title.default\">\n\t\t\t\t<div class=\"elementor-widget-container\">\n\t\t\t\t\t\t\t<div class=\"title-wrapper wd-set-mb reset-last-child wd-title-color-default wd-title-style-default wd-title-size-large text-center\">\n\n\t\t\t\n\t\t\t<div class=\"liner-continer\">\n\t\t\t\t<h4 class=\"woodmart-title-container title wd-fontsize-xxl wd-underline-colored\"><span style=\"color: #fcbc34\">Tunca Technical Machinery<\/span><br \/>\nIndustry and Trade Inc.<\/h4> \n\t\t\t\t\t\t\t<\/div>\n\n\t\t\t\t\t<\/div>\n\t\t\t\t\t\t<\/div>\n\t\t\t\t<\/div>\n\t\t\t\t<div class=\"elementor-element elementor-element-d73661f text-center color-scheme-inherit elementor-widget elementor-widget-text-editor\" data-id=\"d73661f\" data-element_type=\"widget\" data-e-type=\"widget\" data-widget_type=\"text-editor.default\">\n\t\t\t\t\t\t\t\t\t<p>For Detailed Information About Our Products\u00a0<\/p>\t\t\t\t\t\t\t\t<\/div>\n\t\t\t\t<div class=\"elementor-element elementor-element-59c4ac8 e-transform elementor-align-center elementor-widget__width-initial elementor-mobile-align-justify elementor-widget-mobile__width-inherit elementor-tablet-align-justify elementor-widget-tablet__width-initial elementor-widget elementor-widget-button\" data-id=\"59c4ac8\" data-element_type=\"widget\" data-e-type=\"widget\" data-settings=\"{&quot;_transform_translateY_effect_hover&quot;:{&quot;unit&quot;:&quot;px&quot;,&quot;size&quot;:-3,&quot;sizes&quot;:[]},&quot;_transform_translateX_effect_hover&quot;:{&quot;unit&quot;:&quot;px&quot;,&quot;size&quot;:&quot;&quot;,&quot;sizes&quot;:[]},&quot;_transform_translateX_effect_hover_tablet&quot;:{&quot;unit&quot;:&quot;px&quot;,&quot;size&quot;:&quot;&quot;,&quot;sizes&quot;:[]},&quot;_transform_translateX_effect_hover_mobile&quot;:{&quot;unit&quot;:&quot;px&quot;,&quot;size&quot;:&quot;&quot;,&quot;sizes&quot;:[]},&quot;_transform_translateY_effect_hover_tablet&quot;:{&quot;unit&quot;:&quot;px&quot;,&quot;size&quot;:&quot;&quot;,&quot;sizes&quot;:[]},&quot;_transform_translateY_effect_hover_mobile&quot;:{&quot;unit&quot;:&quot;px&quot;,&quot;size&quot;:&quot;&quot;,&quot;sizes&quot;:[]}}\" data-widget_type=\"button.default\">\n\t\t\t\t\t\t\t\t\t\t<a class=\"elementor-button elementor-button-link elementor-size-sm\" href=\"https:\/\/tuncamakina.com\/en\/contact-us\/\">\n\t\t\t\t\t\t<span class=\"elementor-button-content-wrapper\">\n\t\t\t\t\t\t\t\t\t<span class=\"elementor-button-text\">Contact Us<\/span>\n\t\t\t\t\t<\/span>\n\t\t\t\t\t<\/a>\n\t\t\t\t\t\t\t\t<\/div>\n\t\t\t\t\t<\/div>\n\t\t<\/div>\n\t\t\t\t\t<\/div>\n\t\t<\/section>\n\t\t\t\t<\/div>","protected":false},"excerpt":{"rendered":"<p>Tunca Teknik Makine Sanayi ve Ticaret A.\u015e. \u00dcr\u00fcnlerimiz Hakk\u0131nda Detayl\u0131 Bilgi \u0130\u00e7in\u00a0 Bize Ula\u015f\u0131n<\/p>","protected":false},"author":1,"featured_media":0,"parent":0,"menu_order":0,"comment_status":"closed","ping_status":"closed","template":"","meta":{"footnotes":""},"class_list":["post-14852","page","type-page","status-publish","hentry"],"_links":{"self":[{"href":"https:\/\/tuncamakina.com\/en\/wp-json\/wp\/v2\/pages\/14852","targetHints":{"allow":["GET"]}}],"collection":[{"href":"https:\/\/tuncamakina.com\/en\/wp-json\/wp\/v2\/pages"}],"about":[{"href":"https:\/\/tuncamakina.com\/en\/wp-json\/wp\/v2\/types\/page"}],"author":[{"embeddable":true,"href":"https:\/\/tuncamakina.com\/en\/wp-json\/wp\/v2\/users\/1"}],"replies":[{"embeddable":true,"href":"https:\/\/tuncamakina.com\/en\/wp-json\/wp\/v2\/comments?post=14852"}],"version-history":[{"count":20,"href":"https:\/\/tuncamakina.com\/en\/wp-json\/wp\/v2\/pages\/14852\/revisions"}],"predecessor-version":[{"id":15277,"href":"https:\/\/tuncamakina.com\/en\/wp-json\/wp\/v2\/pages\/14852\/revisions\/15277"}],"wp:attachment":[{"href":"https:\/\/tuncamakina.com\/en\/wp-json\/wp\/v2\/media?parent=14852"}],"curies":[{"name":"wp","href":"https:\/\/api.w.org\/{rel}","templated":true}]}}