{"id":10900,"date":"2025-01-16T03:44:52","date_gmt":"2025-01-16T03:44:52","guid":{"rendered":"https:\/\/tuncamakina.com\/?page_id=10900"},"modified":"2025-05-29T10:14:28","modified_gmt":"2025-05-29T10:14:28","slug":"hakkimizda","status":"publish","type":"page","link":"https:\/\/tuncamakina.com\/tr\/hakkimizda\/","title":{"rendered":"Hakk\u0131m\u0131zda"},"content":{"rendered":"\t\t<div data-elementor-type=\"wp-page\" data-elementor-id=\"10900\" class=\"elementor elementor-10900\" data-elementor-post-type=\"page\">\n\t\t\t\t\t\t<section class=\"wd-negative-gap elementor-section elementor-top-section elementor-element elementor-element-57d2f13 elementor-reverse-mobile elementor-section-full_width elementor-section-stretched elementor-section-height-default elementor-section-height-default\" data-id=\"57d2f13\" data-element_type=\"section\" data-e-type=\"section\" data-settings=\"{&quot;background_background&quot;:&quot;classic&quot;,&quot;stretch_section&quot;:&quot;section-stretched&quot;}\">\n\t\t\t\t\t\t<div class=\"elementor-container elementor-column-gap-no\">\n\t\t\t\t\t<div class=\"elementor-column elementor-col-100 elementor-top-column elementor-element elementor-element-c9a2903\" data-id=\"c9a2903\" data-element_type=\"column\" data-e-type=\"column\">\n\t\t\t<div class=\"elementor-widget-wrap\">\n\t\t\t\t\t\t\t<\/div>\n\t\t<\/div>\n\t\t\t\t\t<\/div>\n\t\t<\/section>\n\t\t\t\t<section class=\"wd-negative-gap elementor-section elementor-top-section elementor-element elementor-element-8fba9e2 elementor-reverse-mobile elementor-section-full_width elementor-section-stretched elementor-section-height-default elementor-section-height-default\" data-id=\"8fba9e2\" data-element_type=\"section\" data-e-type=\"section\" data-settings=\"{&quot;background_background&quot;:&quot;classic&quot;,&quot;stretch_section&quot;:&quot;section-stretched&quot;}\">\n\t\t\t\t\t\t<div class=\"elementor-container elementor-column-gap-no\">\n\t\t\t\t\t<div class=\"elementor-column elementor-col-100 elementor-top-column elementor-element elementor-element-b114766\" data-id=\"b114766\" data-element_type=\"column\" data-e-type=\"column\">\n\t\t\t<div class=\"elementor-widget-wrap elementor-element-populated\">\n\t\t\t\t\t\t<div class=\"elementor-element elementor-element-1dad1c4 elementor-widget__width-initial wd-width-100 elementor-widget elementor-widget-wd_title\" data-id=\"1dad1c4\" data-element_type=\"widget\" data-e-type=\"widget\" data-widget_type=\"wd_title.default\">\n\t\t\t\t<div class=\"elementor-widget-container\">\n\t\t\t\t\t\t\t<div class=\"title-wrapper wd-set-mb reset-last-child wd-title-color-default wd-title-style-default wd-title-size-large text-left\">\n\n\t\t\t\n\t\t\t<div class=\"liner-continer\">\n\t\t\t\t<h4 class=\"woodmart-title-container title wd-fontsize-xxl wd-underline-colored\"><span style=\"color: #fcbc34\">Tunca  Teknik Makine<\/span><br \/>\nSanayi Ticaret A.\u015e.<\/h4> \n\t\t\t\t\t\t\t<\/div>\n\n\t\t\t\t\t<\/div>\n\t\t\t\t\t\t<\/div>\n\t\t\t\t<\/div>\n\t\t\t\t<div class=\"elementor-element elementor-element-f1d2ceb color-scheme-inherit text-left elementor-widget elementor-widget-text-editor\" data-id=\"f1d2ceb\" data-element_type=\"widget\" data-e-type=\"widget\" data-widget_type=\"text-editor.default\">\n\t\t\t\t\t\t\t\t\t<h2><b>Tunca Teknik ile 37 Y\u0131l<\/b><\/h2><p><span style=\"font-weight: 400;\">Hedefe Odaklanan Bir Ba\u015flang\u0131\u00e7: 1988&#8217;de Bursa\u2019da At\u0131lan Temeller<\/span><\/p><p><span style=\"font-weight: 400;\">Tunca Teknik\u2019in hikayesi, 1988 y\u0131l\u0131nda Bursa\u2019da ba\u015flad\u0131. Sanayile\u015fmenin ivme kazand\u0131\u011f\u0131 bir d\u00f6nemde, \u00fcretim ve m\u00fc\u015fteri memnuniyeti odakl\u0131, \u00e7\u00f6z\u00fcm sunan ve y\u00fcksek kalitede \u00fcr\u00fcnler geli\u015ftirmeyi ama\u00e7layan bir anlay\u0131\u015fla kuruldu. Ba\u015flang\u0131\u00e7ta tekstil ve otomotiv gibi ana sekt\u00f6rlere y\u00f6nelik end\u00fcstriyel kay\u0131\u015f ve konvey\u00f6r bant teknolojileri geli\u015ftirildi. Zamanla yaln\u0131zca \u00fcr\u00fcn tedarik eden bir firma olmaktan \u00f6teye ge\u00e7ildi; \u00e7\u00f6z\u00fcm sunan, sekt\u00f6re y\u00f6n veren bir \u00fcretici haline gelindi.<\/span><\/p><p><b>Tunca Teknik Nas\u0131l Geli\u015fti?<\/b><\/p><p><b>Grup \u015eirketlerle Geni\u015fleyen End\u00fcstriyel Yetkinlik<\/b><\/p><p><b>\u00dcretimde Kalite ve Teknoloji: Tunca Teknik\u2019in M\u00fchendislik G\u00fcc\u00fc<\/b><\/p><p><b>CNC Kesim Makineleri ile H\u0131z ve Hassasiyet<\/b><\/p><p><span style=\"font-weight: 400;\">Modern \u00fcretimin en \u00f6nemli ihtiya\u00e7lar\u0131ndan biri, y\u00fcksek hassasiyetli ve h\u0131zl\u0131 kesim \u00e7\u00f6z\u00fcmleridir. Tunca Teknik\u2019in geli\u015ftirdi\u011fi CNC kesim makineleri, bu ihtiyaca birebir yan\u0131t veriyor. 0.01 mm hassasiyetle \u00e7al\u0131\u015fan makineler, giyimde, ara\u00e7 koltuklar\u0131nda, mobilya d\u00f6\u015femelerinde, reklam, teknik tekstil ve savunma sanayi gibi bir\u00e7ok farkl\u0131 sekt\u00f6rde \u00fcst\u00fcn performans sergiliyor. Mod\u00fcler tasar\u0131m\u0131 sayesinde yuvarlak b\u0131\u00e7ak, osilasyonlu b\u0131\u00e7ak, kalem-ink jet \u00fcnitesi ve freze kesim \u00fcnitesi gibi farkl\u0131 aparatlar kolayca entegre edilebiliyor. Bu \u00f6zellikler, i\u015fletmelere \u00e7ok y\u00f6nl\u00fc ve esnek bir kesim altyap\u0131s\u0131 sa\u011fl\u0131yor.<\/span><\/p><h2><b>CNC Kesim Teknolojileri ile Dijital \u00dcretimin G\u00fcc\u00fc<\/b><\/h2><p><span style=\"font-weight: 400;\">Tunca Teknik\u2019in sundu\u011fu CNC kesim \u00e7\u00f6z\u00fcmleri, \u00f6zellikle teknik tekstil ve kompozit malzeme kesiminde rakipsiz bir performans sunuyor. CNC kesim makineleri, freze, osilasyonlu b\u0131\u00e7ak, rotary b\u0131\u00e7ak, kiss-cut, v-cut, creasing tool, kalem ve ink-jet \u00fcnitesi gibi bir\u00e7ok aparat ile donat\u0131labiliyor. Bu makineler, hem kesim kalitesi hem de enerji verimlili\u011fi ile \u00f6ne \u00e7\u0131k\u0131yor. 1500 mm\/s\u2019yi a\u015fan kesim h\u0131z\u0131, 7.5 kW vakum t\u00fcketimi ve Piyasadaki t\u00fcm CAD sistemleri ile uyumluluk, \u00fcreticilere dijital d\u00f6n\u00fc\u015f\u00fcmde \u00f6nemli bir avantaj sa\u011fl\u0131yor. Ayr\u0131ca Tunca Teknik\u2019in t\u00fcm sistemleri, Sahip oldu\u011fu CE belgesi ile uluslararas\u0131 kalite standartlar\u0131na uygun \u015fekilde tasarlan\u0131yor.<\/span><\/p><h2><b>Kay\u0131\u015f ve Konvey\u00f6r Sistemlerinde Uzmanl\u0131k ve G\u00fcven<\/b><\/h2><p><span style=\"font-weight: 400;\">Tunca Teknik, kuruldu\u011fu ilk y\u0131llardan itibaren end\u00fcstriyel kay\u0131\u015f ve konvey\u00f6r sistemleri alan\u0131nda uzmanla\u015farak bir\u00e7ok sekt\u00f6r\u00fcn \u00e7\u00f6z\u00fcm orta\u011f\u0131 olmu\u015ftur. 1988\u2019den bu yana s\u00fcregelen bu yolculukta, d\u00fcnyan\u0131n \u00f6nde gelen konvey\u00f6r bant \u00fcreticilerinden \u0130svi\u00e7re merkezli Habasit ile kurdu\u011fu g\u00fc\u00e7l\u00fc i\u015f ortakl\u0131\u011f\u0131, firmaya b\u00fcy\u00fck bir ivme kazand\u0131rm\u0131\u015ft\u0131r. Habasit \u00fcr\u00fcnlerinin T\u00fcrkiye\u2019de uzun y\u0131llar b\u00f6lge temsilcili\u011fini y\u00fcr\u00fcten Tunca Teknik, tanjensiyel kay\u0131\u015flardan zaman kay\u0131\u015flar\u0131na, konvey\u00f6r bantlardan \u00f6zel uygulama \u00e7\u00f6z\u00fcmlerine kadar geni\u015f bir \u00fcr\u00fcn yelpazesi sunmaktad\u0131r. G\u0131da, otomotiv, tekstil ve daha bir\u00e7ok sekt\u00f6re y\u00f6nelik uygulamalarda g\u00fcvenle tercih edilen Tunca Teknik, bu alandaki m\u00fchendislik g\u00fcc\u00fcn\u00fc ve saha tecr\u00fcbesini her ge\u00e7en y\u0131l daha da ileriye ta\u015f\u0131maktad\u0131r.<\/span><\/p><h2><b>PE Film \u00dcretimi: Her Alana Uygun, Esnek ve G\u00fc\u00e7l\u00fc \u00c7\u00f6z\u00fcmler<\/b><\/h2><p><span style=\"font-weight: 400;\">Tunca Teknik, HDPE, LDPE ve LLDPE hammaddeleri kullanarak geni\u015f bir PE film \u00fcr\u00fcn gam\u0131 sunuyor. Bu filmler, shrink ambalaj, rulo torba, palet \u00f6rt\u00fcs\u00fc gibi bir\u00e7ok \u00fcr\u00fcne d\u00f6n\u00fc\u015febiliyor. \u00dcr\u00fcnler istenilen renkte, ebatta ve kal\u0131nl\u0131kta \u00fcretilebiliyor. \u00d6zellikle G\u0131da, Su paketleme, mobilya, otomotiv ve tekstil gibi bir\u00e7ok farkl\u0131 sekt\u00f6rlerde kullan\u0131lan PE film \u00e7\u00f6z\u00fcmleri, hem ambalajlamada hem de \u00fcretim destek \u00fcr\u00fcnlerinde yayg\u0131n \u015fekilde tercih ediliyor. \u00dcretim s\u00fcreci, y\u00fcksek kalite ve esneklik ilkesi temelinde y\u00f6netiliyor.<\/span><\/p><h2><b>ABS Levha &amp; PP Folyo \u00dcretimi<\/b><\/h2><p><span style=\"font-weight: 400;\">ABS, PS, ESD levhalar ile PS, ABS ve PP folyolar; \u00f6zellikle otomotiv, beyaz e\u015fya, ambalaj, medikal, mobilya vb. bir\u00e7ok farkl\u0131 sekt\u00f6rlerde y\u00fcksek darbe dayan\u0131m\u0131, thermoform, i\u015flenebilirlik ve estetik y\u00fczey kalitesi gibi \u00f6zellikleriyle vazge\u00e7ilmez malzemeler aras\u0131nda yer al\u0131yor. Firmam\u0131z, bu malzemelerin \u00fcretiminde kalite, s\u00fcreklilik ve m\u00fc\u015fteri odakl\u0131 \u00e7\u00f6z\u00fcmleri \u00f6n planda tutarak sekt\u00f6rlerin \u00f6zel ihtiya\u00e7lar\u0131na y\u00f6nelik \u00fcretim yapmaktad\u0131r.<\/span><\/p><p><span style=\"font-weight: 400;\">\u00dcretim hatt\u0131m\u0131z, farkl\u0131 kal\u0131nl\u0131k ve renk se\u00e7eneklerinde levha ve folyo imalat\u0131n\u0131 y\u00fcksek hassasiyetle ger\u00e7ekle\u015ftirebilme kapasitesine sahip. Geli\u015fen sekt\u00f6r dinamiklerine uygun olarak \u00fcretim teknolojimizi s\u00fcrekli geli\u015ftiriyor, m\u00fc\u015fterilerimizin rekabet g\u00fcc\u00fcn\u00fc art\u0131racak \u00e7\u00f6z\u00fcmler sunmaya devam ediyoruz.<\/span><\/p><h2><b>Fason Kesim ve Dikim Hizmetlerinde G\u00fc\u00e7l\u00fc Altyap\u0131, Tecr\u00fcbeli Kadro<\/b><\/h2><p><span style=\"font-weight: 400;\">Tekstil alan\u0131nda; sahip oldu\u011fu kesim,serim ve diki\u015f makinelerinden olu\u015fan g\u00fc\u00e7l\u00fc makine parkuru sayesinde, ba\u015fta otomotiv ve mobilya olmak \u00fczere bir\u00e7ok sekt\u00f6re fason kesim ve dikim hizmetleri de sunmaktad\u0131r. \u00c7ok katl\u0131 Bulmer kesim makineleri, kuma\u015f serim sistemleri ve D\u00fcrkopp Adler gibi \u00fcst segment diki\u015f makineleriyle donat\u0131lm\u0131\u015f \u00fcretim altyap\u0131s\u0131, m\u00fc\u015fterilere proje bazl\u0131 esnek \u00fcretim imkan\u0131 sa\u011flamaktad\u0131r. Y\u0131llar i\u00e7inde Audi ve Volkswagen grubu i\u00e7in \u00f6zel olarak \u00fcretilen tek kullan\u0131ml\u0131k non-woven oto koltuk k\u0131l\u0131flar\u0131, body cover gibi koruyucu ekipmanlar bu alandaki ihracat g\u00fcc\u00fcn\u00fc g\u00f6stermektedir. Hem merkez \u00fcretim tesisinde hem de Gemlik serbest b\u00f6lgede y\u00fcr\u00fct\u00fclen bu operasyonlar, d\u00f6nemsel olarak 100 ki\u015fiye ula\u015fan uzman kadro ile y\u00f6netilmi\u015f, yurti\u00e7i ve yurtd\u0131\u015f\u0131ndaki bir\u00e7ok firmaya g\u00fcvenilir bir \u00e7\u00f6z\u00fcm orta\u011f\u0131 olunmu\u015ftur.<\/span><\/p><h2><b>Paxenta : Vacum &amp; Paketleme Teknolojileri<\/b><\/h2><p><span style=\"font-weight: 400;\">Paxenta, 1963\u02bcten bu yana makine u\u0308retiminde uzmanlas\u0327an Alis\u0327 Makine ile, 1988\u02bcden beri ambalaj sekto\u0308ru\u0308nde faaliyet go\u0308steren Tunca Teknik Makine\u02bcnin gu\u0308c\u0327 birlig\u0306iyle dog\u0306mus\u0327tur.<\/span><\/p><p><span style=\"font-weight: 400;\">I\u0307ki ko\u0308klu\u0308 firman\u0131n tecru\u0308besini birles\u0327tiren bu ortakl\u0131k, sekto\u0308re yenilikc\u0327i bir soluk kazand\u0131rmak amac\u0131yla kurulan Paxenta G\u0131da u\u0308ru\u0308nleri paketleme ve ambalaj alan\u0131nda o\u0308ncu\u0308 olma vizyonuyla yola c\u0327\u0131km\u0131\u015ft\u0131r, T\u00fcm kadrosu ile kaliteli ve yenilikc\u0327i c\u0327o\u0308zu\u0308mler sunma misyonuyla hizmet vermektedir.<\/span><\/p><p><span style=\"font-weight: 400;\">Yurt ic\u0327inde u\u0308retilen makinelerden daha fonksiyonel, global kalite standartlar\u0131nda ancak rekabet\u00e7i fiyatlarla sunulan u\u0308ru\u0308nleriyle dikkat c\u0327ekmektedir.<\/span><\/p><p><span style=\"font-weight: 400;\">Paxenta, tek noktadan c\u0327o\u0308zu\u0308m sunan esnek, c\u0327o\u0308zu\u0308m odakl\u0131 ve gu\u0308ler yu\u0308zlu\u0308 hizmet anlay\u0131s\u0327\u0131yla fark yaratmaktad\u0131r.<\/span><\/p><h2><b>Tunca Teknik\u2019in \u00dcretim Anlay\u0131\u015f\u0131: Dayan\u0131kl\u0131l\u0131k, Esneklik, Uyum<\/b><\/h2><p><span style=\"font-weight: 400;\">Tunca Teknik, \u00fcretim s\u00fcre\u00e7lerini yaln\u0131zca teknik ba\u015far\u0131yla de\u011fil; kullan\u0131c\u0131 deneyimi, bak\u0131m kolayl\u0131\u011f\u0131 ve enerji verimlili\u011fi gibi unsurlar\u0131 da g\u00f6zeterek planl\u0131yor. \u00dcr\u00fcnler dayan\u0131kl\u0131 oldu\u011fu kadar ergonomik; g\u00fc\u00e7l\u00fc oldu\u011fu kadar \u00e7evre dostu. \u00dcretimde kullan\u0131lan malzemeler geri d\u00f6n\u00fc\u015f\u00fcme uygun \u015fekilde se\u00e7iliyor. Bu yakla\u015f\u0131m, Tunca Teknik\u2019i sadece bug\u00fcn\u00fcn de\u011fil, yar\u0131n\u0131n \u00fcretim ihtiya\u00e7lar\u0131na da haz\u0131r bir firma haline getiriyor.<\/span><\/p><h2><b>Gelece\u011fe D\u00f6n\u00fck Bak\u0131\u015f: S\u00fcrekli Geli\u015fim ve Dijitalle\u015fme<\/b><\/h2><p><span style=\"font-weight: 400;\">Tunca Teknik\u2019in \u00fcretim kabiliyeti yaln\u0131zca fiziksel \u00fcr\u00fcnlerle s\u0131n\u0131rl\u0131 de\u011fil. Marka, dijitalle\u015fme konusunda da kararl\u0131 ad\u0131mlar at\u0131yor. Kurumsal web siteleri, online kataloglar, otomasyon sistemleri ve profesyonel sosyal medya stratejileriyle, m\u00fc\u015fteriyle dijital temas kuran bir yap\u0131ya ge\u00e7i\u015f sa\u011fland\u0131. LinkedIn gibi platformlar \u00fczerinden teknik i\u00e7erikler, \u00fcr\u00fcn tan\u0131t\u0131mlar\u0131 ve m\u00fc\u015fteri hikayeleri payla\u015farak marka bilinirli\u011fini ve g\u00fcvenini art\u0131r\u0131yor.<\/span><\/p>\t\t\t\t\t\t\t\t<\/div>\n\t\t\t\t<div class=\"elementor-element elementor-element-4e0a1b4 e-transform elementor-align-left elementor-widget__width-initial elementor-mobile-align-justify elementor-widget-mobile__width-inherit elementor-tablet-align-justify elementor-widget-tablet__width-initial elementor-widget elementor-widget-button\" data-id=\"4e0a1b4\" data-element_type=\"widget\" data-e-type=\"widget\" data-settings=\"{&quot;_transform_translateY_effect_hover&quot;:{&quot;unit&quot;:&quot;px&quot;,&quot;size&quot;:-3,&quot;sizes&quot;:[]},&quot;_transform_translateX_effect_hover&quot;:{&quot;unit&quot;:&quot;px&quot;,&quot;size&quot;:&quot;&quot;,&quot;sizes&quot;:[]},&quot;_transform_translateX_effect_hover_tablet&quot;:{&quot;unit&quot;:&quot;px&quot;,&quot;size&quot;:&quot;&quot;,&quot;sizes&quot;:[]},&quot;_transform_translateX_effect_hover_mobile&quot;:{&quot;unit&quot;:&quot;px&quot;,&quot;size&quot;:&quot;&quot;,&quot;sizes&quot;:[]},&quot;_transform_translateY_effect_hover_tablet&quot;:{&quot;unit&quot;:&quot;px&quot;,&quot;size&quot;:&quot;&quot;,&quot;sizes&quot;:[]},&quot;_transform_translateY_effect_hover_mobile&quot;:{&quot;unit&quot;:&quot;px&quot;,&quot;size&quot;:&quot;&quot;,&quot;sizes&quot;:[]}}\" data-widget_type=\"button.default\">\n\t\t\t\t\t\t\t\t\t\t<a class=\"elementor-button elementor-button-link elementor-size-sm\" href=\"#elementor-action%3Aaction%3Dpopup%3Aopen%26settings%3DeyJpZCI6IjE0NjQ5IiwidG9nZ2xlIjpmYWxzZX0%3D\">\n\t\t\t\t\t\t<span class=\"elementor-button-content-wrapper\">\n\t\t\t\t\t\t\t\t\t<span class=\"elementor-button-text\">Bize Ula\u015f\u0131n<\/span>\n\t\t\t\t\t<\/span>\n\t\t\t\t\t<\/a>\n\t\t\t\t\t\t\t\t<\/div>\n\t\t\t\t\t<\/div>\n\t\t<\/div>\n\t\t\t\t\t<\/div>\n\t\t<\/section>\n\t\t\t\t<section class=\"wd-negative-gap elementor-section elementor-top-section elementor-element elementor-element-7d9abbbb elementor-section-content-middle wd-section-stretch elementor-section-boxed elementor-section-height-default elementor-section-height-default\" data-id=\"7d9abbbb\" data-element_type=\"section\" data-e-type=\"section\" data-settings=\"{&quot;background_background&quot;:&quot;classic&quot;,&quot;shape_divider_top&quot;:&quot;wd_curved_line&quot;,&quot;shape_divider_bottom&quot;:&quot;wd_curved_line&quot;}\">\n\t\t\t\t\t\t\t<div class=\"elementor-background-overlay\"><\/div>\n\t\t\t\t\t\t<div class=\"elementor-shape elementor-shape-top\" aria-hidden=\"true\" data-negative=\"false\">\n\t\t\t<svg xmlns=\"http:\/\/www.w3.org\/2000\/svg\" class=\"wd-divider\" xmlns:xlink=\"http:\/\/www.w3.org\/1999\/xlink\" x=\"0px\" y=\"0px\"\n\t viewBox=\"0 0 100 100\" width=\"100%\" height=\"50px\" preserveAspectRatio=\"none\">\n<path class=\"elementor-shape-fill\" display=\"none\" d=\"M100,25.8V100H0V52.5c-4.9-6.8-9.5-13.8-15-19.7V101h125V20.9C106.3,22,103,23.7,100,25.8z\"\/>\n<path class=\"elementor-shape-fill\" d=\"M0,0v99c22-20.6,28.7-69.7,61.4-69.7c18.8,0,29.1,16.2,38.6,34V0L0,0z\"\/>\n<\/svg>\n\t\t<\/div>\n\t\t\t\t<div class=\"elementor-shape elementor-shape-bottom\" aria-hidden=\"true\" data-negative=\"false\">\n\t\t\t<svg xmlns=\"http:\/\/www.w3.org\/2000\/svg\" class=\"wd-divider\" xmlns:xlink=\"http:\/\/www.w3.org\/1999\/xlink\" x=\"0px\" y=\"0px\"\n\t viewBox=\"0 0 100 100\" width=\"100%\" height=\"50px\" preserveAspectRatio=\"none\">\n<path class=\"elementor-shape-fill\" display=\"none\" d=\"M100,25.8V100H0V52.5c-4.9-6.8-9.5-13.8-15-19.7V101h125V20.9C106.3,22,103,23.7,100,25.8z\"\/>\n<path class=\"elementor-shape-fill\" d=\"M0,0v99c22-20.6,28.7-69.7,61.4-69.7c18.8,0,29.1,16.2,38.6,34V0L0,0z\"\/>\n<\/svg>\n\t\t<\/div>\n\t\t\t\t\t<div class=\"elementor-container elementor-column-gap-wide\">\n\t\t\t\t\t<div class=\"elementor-column elementor-col-100 elementor-top-column elementor-element elementor-element-40fdfecb\" data-id=\"40fdfecb\" data-element_type=\"column\" data-e-type=\"column\">\n\t\t\t<div class=\"elementor-widget-wrap elementor-element-populated\">\n\t\t\t\t\t\t<div class=\"elementor-element elementor-element-04fcd35 elementor-widget__width-initial wd-width-100 elementor-widget elementor-widget-wd_title\" data-id=\"04fcd35\" data-element_type=\"widget\" data-e-type=\"widget\" data-widget_type=\"wd_title.default\">\n\t\t\t\t<div class=\"elementor-widget-container\">\n\t\t\t\t\t\t\t<div class=\"title-wrapper wd-set-mb reset-last-child wd-title-color-default wd-title-style-default wd-title-size-large text-center\">\n\n\t\t\t\n\t\t\t<div class=\"liner-continer\">\n\t\t\t\t<h4 class=\"woodmart-title-container title wd-fontsize-xxl wd-underline-colored\"><span style=\"color: #fcbc34\">Tunca  Teknik Makine<\/span><br \/>\nSanayi ve Ticaret A.\u015e.<\/h4> \n\t\t\t\t\t\t\t<\/div>\n\n\t\t\t\t\t<\/div>\n\t\t\t\t\t\t<\/div>\n\t\t\t\t<\/div>\n\t\t\t\t<div class=\"elementor-element elementor-element-de979d5 text-center color-scheme-inherit elementor-widget elementor-widget-text-editor\" data-id=\"de979d5\" data-element_type=\"widget\" data-e-type=\"widget\" data-widget_type=\"text-editor.default\">\n\t\t\t\t\t\t\t\t\t<p>\u00dcr\u00fcnlerimiz Hakk\u0131nda Detayl\u0131 Bilgi \u0130\u00e7in\u00a0<\/p>\t\t\t\t\t\t\t\t<\/div>\n\t\t\t\t<div class=\"elementor-element elementor-element-0acf60b e-transform elementor-align-center elementor-widget__width-initial elementor-mobile-align-justify elementor-widget-mobile__width-inherit elementor-tablet-align-justify elementor-widget-tablet__width-initial elementor-widget elementor-widget-button\" data-id=\"0acf60b\" data-element_type=\"widget\" data-e-type=\"widget\" data-settings=\"{&quot;_transform_translateY_effect_hover&quot;:{&quot;unit&quot;:&quot;px&quot;,&quot;size&quot;:-3,&quot;sizes&quot;:[]},&quot;_transform_translateX_effect_hover&quot;:{&quot;unit&quot;:&quot;px&quot;,&quot;size&quot;:&quot;&quot;,&quot;sizes&quot;:[]},&quot;_transform_translateX_effect_hover_tablet&quot;:{&quot;unit&quot;:&quot;px&quot;,&quot;size&quot;:&quot;&quot;,&quot;sizes&quot;:[]},&quot;_transform_translateX_effect_hover_mobile&quot;:{&quot;unit&quot;:&quot;px&quot;,&quot;size&quot;:&quot;&quot;,&quot;sizes&quot;:[]},&quot;_transform_translateY_effect_hover_tablet&quot;:{&quot;unit&quot;:&quot;px&quot;,&quot;size&quot;:&quot;&quot;,&quot;sizes&quot;:[]},&quot;_transform_translateY_effect_hover_mobile&quot;:{&quot;unit&quot;:&quot;px&quot;,&quot;size&quot;:&quot;&quot;,&quot;sizes&quot;:[]}}\" data-widget_type=\"button.default\">\n\t\t\t\t\t\t\t\t\t\t<a class=\"elementor-button elementor-button-link elementor-size-sm\" href=\"https:\/\/tuncamakina.com\/iletisim\/\">\n\t\t\t\t\t\t<span class=\"elementor-button-content-wrapper\">\n\t\t\t\t\t\t\t\t\t<span class=\"elementor-button-text\">Bize Ula\u015f\u0131n<\/span>\n\t\t\t\t\t<\/span>\n\t\t\t\t\t<\/a>\n\t\t\t\t\t\t\t\t<\/div>\n\t\t\t\t\t<\/div>\n\t\t<\/div>\n\t\t\t\t\t<\/div>\n\t\t<\/section>\n\t\t\t\t<\/div>\n\t\t","protected":false},"excerpt":{"rendered":"<p>Tunca Teknik Makine Sanayi Ticaret A.\u015e. Tunca Teknik ile 37 Y\u0131l Hedefe Odaklanan Bir Ba\u015flang\u0131\u00e7: 1988&#8217;de Bursa\u2019da At\u0131lan Temeller Tunca<\/p>\n","protected":false},"author":1,"featured_media":0,"parent":0,"menu_order":0,"comment_status":"closed","ping_status":"closed","template":"","meta":{"footnotes":""},"class_list":["post-10900","page","type-page","status-publish","hentry"],"_links":{"self":[{"href":"https:\/\/tuncamakina.com\/tr\/wp-json\/wp\/v2\/pages\/10900","targetHints":{"allow":["GET"]}}],"collection":[{"href":"https:\/\/tuncamakina.com\/tr\/wp-json\/wp\/v2\/pages"}],"about":[{"href":"https:\/\/tuncamakina.com\/tr\/wp-json\/wp\/v2\/types\/page"}],"author":[{"embeddable":true,"href":"https:\/\/tuncamakina.com\/tr\/wp-json\/wp\/v2\/users\/1"}],"replies":[{"embeddable":true,"href":"https:\/\/tuncamakina.com\/tr\/wp-json\/wp\/v2\/comments?post=10900"}],"version-history":[{"count":267,"href":"https:\/\/tuncamakina.com\/tr\/wp-json\/wp\/v2\/pages\/10900\/revisions"}],"predecessor-version":[{"id":15143,"href":"https:\/\/tuncamakina.com\/tr\/wp-json\/wp\/v2\/pages\/10900\/revisions\/15143"}],"wp:attachment":[{"href":"https:\/\/tuncamakina.com\/tr\/wp-json\/wp\/v2\/media?parent=10900"}],"curies":[{"name":"wp","href":"https:\/\/api.w.org\/{rel}","templated":true}]}}