{"id":13079,"date":"2025-05-20T11:41:51","date_gmt":"2025-05-20T11:41:51","guid":{"rendered":"https:\/\/tuncamakina.com\/?page_id=13079"},"modified":"2025-05-29T10:17:56","modified_gmt":"2025-05-29T10:17:56","slug":"tarihcemiz","status":"publish","type":"page","link":"https:\/\/tuncamakina.com\/tr\/tarihcemiz\/","title":{"rendered":"Tarih\u00e7emiz"},"content":{"rendered":"\t\t<div data-elementor-type=\"wp-page\" data-elementor-id=\"13079\" class=\"elementor elementor-13079\" data-elementor-post-type=\"page\">\n\t\t\t\t<div class=\"elementor-element elementor-element-3a2a012 e-con-full wd-section-stretch e-flex e-con e-parent\" data-id=\"3a2a012\" data-element_type=\"container\" data-e-type=\"container\" data-settings=\"{&quot;background_background&quot;:&quot;classic&quot;}\">\n\t\t<div class=\"elementor-element elementor-element-ddf7379 e-con-full e-flex e-con e-child\" data-id=\"ddf7379\" data-element_type=\"container\" data-e-type=\"container\" data-settings=\"{&quot;background_background&quot;:&quot;classic&quot;}\">\n\t\t\t\t<div class=\"elementor-element elementor-element-c005be7 elementor-position-left elementor-vertical-align-middle elementor-widget elementor-widget-image-box\" data-id=\"c005be7\" data-element_type=\"widget\" data-e-type=\"widget\" data-widget_type=\"image-box.default\">\n\t\t\t\t\t<div class=\"elementor-image-box-wrapper\"><figure class=\"elementor-image-box-img\"><img loading=\"lazy\" decoding=\"async\" width=\"1600\" height=\"1066\" src=\"https:\/\/tuncamakina.com\/wp-content\/uploads\/2025\/03\/WhatsApp-Image-2025-03-07-at-23.31.03.jpeg\" class=\"attachment-full size-full wp-image-13078\" alt=\"\" srcset=\"https:\/\/tuncamakina.com\/wp-content\/uploads\/2025\/03\/WhatsApp-Image-2025-03-07-at-23.31.03.jpeg 1600w, https:\/\/tuncamakina.com\/wp-content\/uploads\/2025\/03\/WhatsApp-Image-2025-03-07-at-23.31.03-400x267.jpeg 400w, https:\/\/tuncamakina.com\/wp-content\/uploads\/2025\/03\/WhatsApp-Image-2025-03-07-at-23.31.03-1201x800.jpeg 1201w, https:\/\/tuncamakina.com\/wp-content\/uploads\/2025\/03\/WhatsApp-Image-2025-03-07-at-23.31.03-768x512.jpeg 768w, https:\/\/tuncamakina.com\/wp-content\/uploads\/2025\/03\/WhatsApp-Image-2025-03-07-at-23.31.03-1536x1023.jpeg 1536w, https:\/\/tuncamakina.com\/wp-content\/uploads\/2025\/03\/WhatsApp-Image-2025-03-07-at-23.31.03-1320x879.jpeg 1320w, https:\/\/tuncamakina.com\/wp-content\/uploads\/2025\/03\/WhatsApp-Image-2025-03-07-at-23.31.03-430x286.jpeg 430w, https:\/\/tuncamakina.com\/wp-content\/uploads\/2025\/03\/WhatsApp-Image-2025-03-07-at-23.31.03-700x466.jpeg 700w, https:\/\/tuncamakina.com\/wp-content\/uploads\/2025\/03\/WhatsApp-Image-2025-03-07-at-23.31.03-150x100.jpeg 150w\" sizes=\"auto, (max-width: 1600px) 100vw, 1600px\" \/><\/figure><div class=\"elementor-image-box-content\"><h3 class=\"elementor-image-box-title\">Kurulu\u015f<\/h3><p class=\"elementor-image-box-description\">Firmam\u0131z 1988 y\u0131l\u0131nda Bursa\u2019da \u201cTunca Teknik Makine Ltd. \u015eti\u201d olarak kurulmu\u015ftur. Ana\/Kurulu\u015f faaliyet alan\u0131m\u0131z \u201cEnd\u00fcstriyel Kay\u0131\u015f &amp; Konvey\u00f6r Bant\u201d teknolojileridir. Bu faaliyet alan\u0131nda G\u0131da, Otomotiv, A\u011fa\u00e7 End\u00fcstirisi, T\u00fct\u00fcn \u0130\u015fleme, Tekstil, Makine imalat, Ambalaj, sekt\u00f6rlerine \u00fcr\u00fcn ve hizmet sunmaktay\u0131z.<\/p><\/div><\/div>\t\t\t\t<\/div>\n\t\t\t\t<\/div>\n\t\t\t\t<\/div>\n\t\t<div class=\"elementor-element elementor-element-b5beef8 e-con-full wd-section-stretch e-flex e-con e-parent\" data-id=\"b5beef8\" data-element_type=\"container\" data-e-type=\"container\">\n\t\t<div class=\"elementor-element elementor-element-59aef3a e-con-full e-flex e-con e-child\" data-id=\"59aef3a\" data-element_type=\"container\" data-e-type=\"container\" data-settings=\"{&quot;background_background&quot;:&quot;classic&quot;}\">\n\t\t\t\t<div class=\"elementor-element elementor-element-77f82a2 elementor-position-right elementor-vertical-align-middle elementor-widget elementor-widget-image-box\" data-id=\"77f82a2\" data-element_type=\"widget\" data-e-type=\"widget\" data-widget_type=\"image-box.default\">\n\t\t\t\t\t<div class=\"elementor-image-box-wrapper\"><figure class=\"elementor-image-box-img\"><img loading=\"lazy\" decoding=\"async\" width=\"1600\" height=\"1066\" src=\"https:\/\/tuncamakina.com\/wp-content\/uploads\/2025\/05\/WhatsApp-Image-2025-05-23-at-15.45.06.jpeg\" class=\"attachment-full size-full wp-image-15049\" alt=\"Tunca Teknik\u2019in hikayesi\" srcset=\"https:\/\/tuncamakina.com\/wp-content\/uploads\/2025\/05\/WhatsApp-Image-2025-05-23-at-15.45.06.jpeg 1600w, https:\/\/tuncamakina.com\/wp-content\/uploads\/2025\/05\/WhatsApp-Image-2025-05-23-at-15.45.06-400x267.jpeg 400w, https:\/\/tuncamakina.com\/wp-content\/uploads\/2025\/05\/WhatsApp-Image-2025-05-23-at-15.45.06-1201x800.jpeg 1201w, https:\/\/tuncamakina.com\/wp-content\/uploads\/2025\/05\/WhatsApp-Image-2025-05-23-at-15.45.06-768x512.jpeg 768w, https:\/\/tuncamakina.com\/wp-content\/uploads\/2025\/05\/WhatsApp-Image-2025-05-23-at-15.45.06-1536x1023.jpeg 1536w, https:\/\/tuncamakina.com\/wp-content\/uploads\/2025\/05\/WhatsApp-Image-2025-05-23-at-15.45.06-430x286.jpeg 430w, https:\/\/tuncamakina.com\/wp-content\/uploads\/2025\/05\/WhatsApp-Image-2025-05-23-at-15.45.06-700x466.jpeg 700w, https:\/\/tuncamakina.com\/wp-content\/uploads\/2025\/05\/WhatsApp-Image-2025-05-23-at-15.45.06-150x100.jpeg 150w\" sizes=\"auto, (max-width: 1600px) 100vw, 1600px\" \/><\/figure><div class=\"elementor-image-box-content\"><h3 class=\"elementor-image-box-title\">Anonim \u015eirket<\/h3><p class=\"elementor-image-box-description\">Ana\/Kurulu\u015f faaliyet alan\u0131m\u0131z \u201cEnd\u00fcstriyel Kay\u0131\u015f &amp; Konvey\u00f6r Bant\u201d teknolojilerine ilave olarak Otomotiv ve Tekstil Konfeksiyon sekt\u00f6rlerinin ihtiyac\u0131 olan Modelhane (CAD) ve Kesimhane (CAM) CNC makine sistemlerinin sat\u0131\u015f, sat\u0131\u015f sonras\u0131 teknik servis, sarf malzeme ve yedek par\u00e7a temin hizmetlerini de faaliyet alanlar\u0131m\u0131za ekleyerek b\u00fcy\u00fcmemizi s\u00fcrd\u00fcrd\u00fck ve 1995 y\u0131l\u0131nda Tunca Teknik Makine San. Tic. A.\u015e. olarak \u015firket yap\u0131m\u0131z\u0131 yeniledik.<\/p><\/div><\/div>\t\t\t\t<\/div>\n\t\t\t\t<\/div>\n\t\t\t\t<\/div>\n\t\t<div class=\"elementor-element elementor-element-8a94022 e-con-full wd-section-stretch e-flex e-con e-parent\" data-id=\"8a94022\" data-element_type=\"container\" data-e-type=\"container\" data-settings=\"{&quot;background_background&quot;:&quot;classic&quot;}\">\n\t\t<div class=\"elementor-element elementor-element-6164958 e-con-full e-flex e-con e-child\" data-id=\"6164958\" data-element_type=\"container\" data-e-type=\"container\" data-settings=\"{&quot;background_background&quot;:&quot;classic&quot;}\">\n\t\t\t\t<div class=\"elementor-element elementor-element-26af019 elementor-position-left elementor-vertical-align-middle elementor-widget elementor-widget-image-box\" data-id=\"26af019\" data-element_type=\"widget\" data-e-type=\"widget\" data-widget_type=\"image-box.default\">\n\t\t\t\t\t<div class=\"elementor-image-box-wrapper\"><figure class=\"elementor-image-box-img\"><img loading=\"lazy\" decoding=\"async\" width=\"1600\" height=\"1066\" src=\"https:\/\/tuncamakina.com\/wp-content\/uploads\/2025\/05\/WhatsApp-Image-2025-05-20-at-14.32.14.jpeg\" class=\"attachment-full size-full wp-image-14528\" alt=\"\" srcset=\"https:\/\/tuncamakina.com\/wp-content\/uploads\/2025\/05\/WhatsApp-Image-2025-05-20-at-14.32.14.jpeg 1600w, https:\/\/tuncamakina.com\/wp-content\/uploads\/2025\/05\/WhatsApp-Image-2025-05-20-at-14.32.14-400x267.jpeg 400w, https:\/\/tuncamakina.com\/wp-content\/uploads\/2025\/05\/WhatsApp-Image-2025-05-20-at-14.32.14-1201x800.jpeg 1201w, https:\/\/tuncamakina.com\/wp-content\/uploads\/2025\/05\/WhatsApp-Image-2025-05-20-at-14.32.14-768x512.jpeg 768w, https:\/\/tuncamakina.com\/wp-content\/uploads\/2025\/05\/WhatsApp-Image-2025-05-20-at-14.32.14-1536x1023.jpeg 1536w, https:\/\/tuncamakina.com\/wp-content\/uploads\/2025\/05\/WhatsApp-Image-2025-05-20-at-14.32.14-430x286.jpeg 430w, https:\/\/tuncamakina.com\/wp-content\/uploads\/2025\/05\/WhatsApp-Image-2025-05-20-at-14.32.14-700x466.jpeg 700w, https:\/\/tuncamakina.com\/wp-content\/uploads\/2025\/05\/WhatsApp-Image-2025-05-20-at-14.32.14-150x100.jpeg 150w\" sizes=\"auto, (max-width: 1600px) 100vw, 1600px\" \/><\/figure><div class=\"elementor-image-box-content\"><h3 class=\"elementor-image-box-title\">Nosab Faaliyetleri<\/h3><p class=\"elementor-image-box-description\">Fomara, Gazc\u0131lar ve DOSAB adreslerinde bulunan t\u00fcm faaliyetlerimizi ve Genel Y\u00f6netim merkezimizi, 2006 y\u0131l\u0131nda NOSAB\u2019ta kendimize ait 3600 m2 kapal\u0131 alana sahip tesisimize ta\u015f\u0131d\u0131k.\n\nBu tesisimizde;\nKonvey\u00f6r Teknolojileri \u00dcr\u00fcnleri,\nKonfeksiyon sekt\u00f6r\u00fcnde kullan\u0131lan end\u00fcstiriyel pastal alt\u0131 ve plotter ka\u011f\u0131tlar\u0131, \u00fcretimine devam ettik.\nBu tesisimize ilave olarak NOSAB\u2019ta 1200 m2 kapal\u0131 alana sahip di\u011fer tesisimizde PE Film (Shrink, Torba, Vakum Naylonu vb.) \u00fcr\u00fcnlerinin \u00fcretimine ba\u015flad\u0131k.<\/p><\/div><\/div>\t\t\t\t<\/div>\n\t\t\t\t<\/div>\n\t\t\t\t<\/div>\n\t\t<div class=\"elementor-element elementor-element-fb1225b e-con-full wd-section-stretch e-flex e-con e-parent\" data-id=\"fb1225b\" data-element_type=\"container\" data-e-type=\"container\">\n\t\t<div class=\"elementor-element elementor-element-f5296b9 e-con-full e-flex e-con e-child\" data-id=\"f5296b9\" data-element_type=\"container\" data-e-type=\"container\" data-settings=\"{&quot;background_background&quot;:&quot;classic&quot;}\">\n\t\t\t\t<div class=\"elementor-element elementor-element-cdf3bb8 elementor-position-right elementor-vertical-align-middle elementor-widget elementor-widget-image-box\" data-id=\"cdf3bb8\" data-element_type=\"widget\" data-e-type=\"widget\" data-widget_type=\"image-box.default\">\n\t\t\t\t\t<div class=\"elementor-image-box-wrapper\"><figure class=\"elementor-image-box-img\"><img loading=\"lazy\" decoding=\"async\" width=\"1600\" height=\"1066\" src=\"https:\/\/tuncamakina.com\/wp-content\/uploads\/2025\/05\/WhatsApp-Image-2025-05-20-at-14.34.17.jpeg\" class=\"attachment-full size-full wp-image-14529\" alt=\"\" srcset=\"https:\/\/tuncamakina.com\/wp-content\/uploads\/2025\/05\/WhatsApp-Image-2025-05-20-at-14.34.17.jpeg 1600w, https:\/\/tuncamakina.com\/wp-content\/uploads\/2025\/05\/WhatsApp-Image-2025-05-20-at-14.34.17-400x267.jpeg 400w, https:\/\/tuncamakina.com\/wp-content\/uploads\/2025\/05\/WhatsApp-Image-2025-05-20-at-14.34.17-1201x800.jpeg 1201w, https:\/\/tuncamakina.com\/wp-content\/uploads\/2025\/05\/WhatsApp-Image-2025-05-20-at-14.34.17-768x512.jpeg 768w, https:\/\/tuncamakina.com\/wp-content\/uploads\/2025\/05\/WhatsApp-Image-2025-05-20-at-14.34.17-1536x1023.jpeg 1536w, https:\/\/tuncamakina.com\/wp-content\/uploads\/2025\/05\/WhatsApp-Image-2025-05-20-at-14.34.17-430x286.jpeg 430w, https:\/\/tuncamakina.com\/wp-content\/uploads\/2025\/05\/WhatsApp-Image-2025-05-20-at-14.34.17-700x466.jpeg 700w, https:\/\/tuncamakina.com\/wp-content\/uploads\/2025\/05\/WhatsApp-Image-2025-05-20-at-14.34.17-150x100.jpeg 150w\" sizes=\"auto, (max-width: 1600px) 100vw, 1600px\" \/><\/figure><div class=\"elementor-image-box-content\"><h3 class=\"elementor-image-box-title\">Teknik Tekstil Faaliyetleri<\/h3><p class=\"elementor-image-box-description\">Otomotiv, Konfeksiyon, Medikal, Mobilya sekt\u00f6rleri i\u00e7in;\nAra\u00e7 \u0130\u00e7i K\u0131l\u0131flar (Koltuk, Oturak, S\u0131rt, Ba\u015fl\u0131k, Kol\u00e7ak, Vites K\u00f6r\u00fc\u011f\u00fc vb.) kesim ve dikim prosesi,Tek Kullan\u0131ml\u0131k Ara\u00e7 K\u0131l\u0131flar\u0131 (Koltuk, Kaput, Body Cover vb.) kesim ve dikim prosesi,\nMobilya sekt\u00f6r\u00fcnde kullan\u0131lan d\u00f6\u015femelik kuma\u015f kesim ve dikim prosesi,\nAra\u00e7 i\u00e7i hal\u0131 d\u00f6\u015feme kesim ve dikim prosesi,\nTek kullan\u0131ml\u0131k cerrahi maske, \u00f6rt\u00fc, \u00f6nl\u00fck, tulum, ameliyat setleri \u00fcretimi,\nPolar malzemeden battaniye, \u015fal vb. \u00fcr\u00fcn kesim prosesi,\nKompozit malzemelerin (Elyaf, S\u00fcnger, Ke\u00e7e, PVC, Eva S\u00fcnger, Pleksi Glass vb.) kesim prosesi,\n\nfaaliyetlerimize 2009 y\u0131l\u0131nda TUNCA KES\u0130M OTOMASYON MED\u0130KAL TEKST\u0130L L.T.D. \u015e.T.\u0130. \u015firketimiz b\u00fcnyesinde ba\u015flad\u0131k.<\/p><\/div><\/div>\t\t\t\t<\/div>\n\t\t\t\t<\/div>\n\t\t\t\t<\/div>\n\t\t<div class=\"elementor-element elementor-element-bf5aca8 e-con-full wd-section-stretch e-flex e-con e-parent\" data-id=\"bf5aca8\" data-element_type=\"container\" data-e-type=\"container\" data-settings=\"{&quot;background_background&quot;:&quot;classic&quot;}\">\n\t\t<div class=\"elementor-element elementor-element-dd1a261 e-con-full e-flex e-con e-child\" data-id=\"dd1a261\" data-element_type=\"container\" data-e-type=\"container\" data-settings=\"{&quot;background_background&quot;:&quot;classic&quot;}\">\n\t\t\t\t<div class=\"elementor-element elementor-element-0b851ad elementor-position-left elementor-vertical-align-middle elementor-widget elementor-widget-image-box\" data-id=\"0b851ad\" data-element_type=\"widget\" data-e-type=\"widget\" data-widget_type=\"image-box.default\">\n\t\t\t\t\t<div class=\"elementor-image-box-wrapper\"><figure class=\"elementor-image-box-img\"><img loading=\"lazy\" decoding=\"async\" width=\"512\" height=\"512\" src=\"https:\/\/tuncamakina.com\/wp-content\/uploads\/2025\/04\/cropped-tunca-fav-1-3.png\" class=\"attachment-full size-full wp-image-13965\" alt=\"\" srcset=\"https:\/\/tuncamakina.com\/wp-content\/uploads\/2025\/04\/cropped-tunca-fav-1-3.png 512w, https:\/\/tuncamakina.com\/wp-content\/uploads\/2025\/04\/cropped-tunca-fav-1-3-300x300.png 300w, https:\/\/tuncamakina.com\/wp-content\/uploads\/2025\/04\/cropped-tunca-fav-1-3-150x150.png 150w, https:\/\/tuncamakina.com\/wp-content\/uploads\/2025\/04\/cropped-tunca-fav-1-3-430x430.png 430w\" sizes=\"auto, (max-width: 512px) 100vw, 512px\" \/><\/figure><div class=\"elementor-image-box-content\"><h3 class=\"elementor-image-box-title\">Gemlik Serbest B\u00f6lge Tesisimizde Faaliyetlere Ba\u015flad\u0131k<\/h3><p class=\"elementor-image-box-description\">Otomotiv sekt\u00f6r\u00fcnde OEM ve Tier1 firmalar\u0131n talep etmi\u015f olduklar\u0131 tek kullan\u0131ml\u0131k Non-Woven kuma\u015ftan \u00fcretilen ara\u00e7 koruma k\u0131l\u0131flar\u0131 \u00fcretimimize Gemlik Serbest B\u00f6lgede 1680 m2 kapal\u0131 alana sahip \u00fcretim tesisimizde, TUNCA EKSPORT firmam\u0131z b\u00fcnyesinde ba\u015flad\u0131k. Bu d\u00f6nem de \u015firketimiz otomotiv sekt\u00f6r\u00fcnde faaliyetlerini yo\u011funla\u015ft\u0131rd\u0131 ve y\u00fcksek miktarda ihracata da ba\u015flam\u0131\u015f oldu. \u0130hracat otomotiv m\u00fc\u015fterilerimizin beklentilerini tam olarak kar\u015f\u0131layabilmek i\u00e7in \u015firketimiz \u0130SO 9001 ve \u0130SO 140001 kalite y\u00f6netim sistemi belgelendirme ve m\u00fc\u015fterilerimizin proses audit s\u00fcre\u00e7lerini ba\u015far\u0131yla tamamlad\u0131.<\/p><\/div><\/div>\t\t\t\t<\/div>\n\t\t\t\t<\/div>\n\t\t\t\t<\/div>\n\t\t<div class=\"elementor-element elementor-element-7275e6b e-con-full wd-section-stretch e-flex e-con e-parent\" data-id=\"7275e6b\" data-element_type=\"container\" data-e-type=\"container\">\n\t\t<div class=\"elementor-element elementor-element-ed608ea e-con-full e-flex e-con e-child\" data-id=\"ed608ea\" data-element_type=\"container\" data-e-type=\"container\" data-settings=\"{&quot;background_background&quot;:&quot;classic&quot;}\">\n\t\t\t\t<div class=\"elementor-element elementor-element-72d7626 elementor-position-right elementor-vertical-align-middle elementor-widget elementor-widget-image-box\" data-id=\"72d7626\" data-element_type=\"widget\" data-e-type=\"widget\" data-widget_type=\"image-box.default\">\n\t\t\t\t\t<div class=\"elementor-image-box-wrapper\"><figure class=\"elementor-image-box-img\"><img loading=\"lazy\" decoding=\"async\" width=\"1600\" height=\"520\" src=\"https:\/\/tuncamakina.com\/wp-content\/uploads\/2025\/05\/featuredimage-1.jpg\" class=\"attachment-full size-full wp-image-15038\" alt=\"HOSAB\" srcset=\"https:\/\/tuncamakina.com\/wp-content\/uploads\/2025\/05\/featuredimage-1.jpg 1600w, https:\/\/tuncamakina.com\/wp-content\/uploads\/2025\/05\/featuredimage-1-400x130.jpg 400w, https:\/\/tuncamakina.com\/wp-content\/uploads\/2025\/05\/featuredimage-1-1300x423.jpg 1300w, https:\/\/tuncamakina.com\/wp-content\/uploads\/2025\/05\/featuredimage-1-768x250.jpg 768w, https:\/\/tuncamakina.com\/wp-content\/uploads\/2025\/05\/featuredimage-1-1536x499.jpg 1536w, https:\/\/tuncamakina.com\/wp-content\/uploads\/2025\/05\/featuredimage-1-430x140.jpg 430w, https:\/\/tuncamakina.com\/wp-content\/uploads\/2025\/05\/featuredimage-1-700x228.jpg 700w, https:\/\/tuncamakina.com\/wp-content\/uploads\/2025\/05\/featuredimage-1-150x49.jpg 150w\" sizes=\"auto, (max-width: 1600px) 100vw, 1600px\" \/><\/figure><div class=\"elementor-image-box-content\"><h3 class=\"elementor-image-box-title\">HOSAB Tesisimizde Faaliyetlere Ba\u015flad\u0131k<\/h3><p class=\"elementor-image-box-description\">HOSAB\u2019ta 2014 y\u0131l\u0131nda toplam 6000 m2 kapal\u0131 alana sahip tesisimizde faaliyetlerimize ba\u015flad\u0131k. Bu tesisimizde; Konfeksiyon sekt\u00f6r\u00fcnde kullan\u0131lan end\u00fcstiriyel pastal alt\u0131 ve plotter ka\u011f\u0131tlar\u0131, PE Film (Shrink, Torba, Vakum Naylonu vb.), End\u00fcstriyel Kay\u0131\u015f &amp; Konvey\u00f6r Bant teknolojileri, Otomotiv ve Konfeksiyon sekt\u00f6rlerinde kullan\u0131lan her t\u00fcrl\u00fc kuma\u015f ve kompozit malzemenin kesim prosesi, i\u015flemlerine \u00fcretim kapasitemizi artt\u0131rarak ve makine park\u0131m\u0131z\u0131 yenileyerek devam ettik.<\/p><\/div><\/div>\t\t\t\t<\/div>\n\t\t\t\t<\/div>\n\t\t\t\t<\/div>\n\t\t\t\t<section class=\"wd-negative-gap elementor-section elementor-top-section elementor-element elementor-element-d776ae4 elementor-section-content-middle wd-section-stretch elementor-section-boxed elementor-section-height-default elementor-section-height-default\" data-id=\"d776ae4\" data-element_type=\"section\" data-e-type=\"section\" data-settings=\"{&quot;background_background&quot;:&quot;classic&quot;,&quot;shape_divider_top&quot;:&quot;wd_curved_line&quot;,&quot;shape_divider_bottom&quot;:&quot;wd_curved_line&quot;}\">\n\t\t\t\t\t\t\t<div class=\"elementor-background-overlay\"><\/div>\n\t\t\t\t\t\t<div class=\"elementor-shape elementor-shape-top\" aria-hidden=\"true\" data-negative=\"false\">\n\t\t\t<svg xmlns=\"http:\/\/www.w3.org\/2000\/svg\" class=\"wd-divider\" xmlns:xlink=\"http:\/\/www.w3.org\/1999\/xlink\" x=\"0px\" y=\"0px\"\n\t viewBox=\"0 0 100 100\" width=\"100%\" height=\"50px\" preserveAspectRatio=\"none\">\n<path class=\"elementor-shape-fill\" display=\"none\" d=\"M100,25.8V100H0V52.5c-4.9-6.8-9.5-13.8-15-19.7V101h125V20.9C106.3,22,103,23.7,100,25.8z\"\/>\n<path class=\"elementor-shape-fill\" d=\"M0,0v99c22-20.6,28.7-69.7,61.4-69.7c18.8,0,29.1,16.2,38.6,34V0L0,0z\"\/>\n<\/svg>\n\t\t<\/div>\n\t\t\t\t<div class=\"elementor-shape elementor-shape-bottom\" aria-hidden=\"true\" data-negative=\"false\">\n\t\t\t<svg xmlns=\"http:\/\/www.w3.org\/2000\/svg\" class=\"wd-divider\" xmlns:xlink=\"http:\/\/www.w3.org\/1999\/xlink\" x=\"0px\" y=\"0px\"\n\t viewBox=\"0 0 100 100\" width=\"100%\" height=\"50px\" preserveAspectRatio=\"none\">\n<path class=\"elementor-shape-fill\" display=\"none\" d=\"M100,25.8V100H0V52.5c-4.9-6.8-9.5-13.8-15-19.7V101h125V20.9C106.3,22,103,23.7,100,25.8z\"\/>\n<path class=\"elementor-shape-fill\" d=\"M0,0v99c22-20.6,28.7-69.7,61.4-69.7c18.8,0,29.1,16.2,38.6,34V0L0,0z\"\/>\n<\/svg>\n\t\t<\/div>\n\t\t\t\t\t<div class=\"elementor-container elementor-column-gap-wide\">\n\t\t\t\t\t<div class=\"elementor-column elementor-col-100 elementor-top-column elementor-element elementor-element-96c282d\" data-id=\"96c282d\" data-element_type=\"column\" data-e-type=\"column\">\n\t\t\t<div class=\"elementor-widget-wrap elementor-element-populated\">\n\t\t\t\t\t\t<div class=\"elementor-element elementor-element-1387a0a elementor-widget__width-initial wd-width-100 elementor-widget elementor-widget-wd_title\" data-id=\"1387a0a\" data-element_type=\"widget\" data-e-type=\"widget\" data-widget_type=\"wd_title.default\">\n\t\t\t\t<div class=\"elementor-widget-container\">\n\t\t\t\t\t\t\t<div class=\"title-wrapper wd-set-mb reset-last-child wd-title-color-default wd-title-style-default wd-title-size-large text-center\">\n\n\t\t\t\n\t\t\t<div class=\"liner-continer\">\n\t\t\t\t<h4 class=\"woodmart-title-container title wd-fontsize-xxl wd-underline-colored\"><span style=\"color: #fcbc34\">Tunca  Teknik Makine<\/span><br \/>\nSanayi ve Ticaret A.\u015e.<\/h4> \n\t\t\t\t\t\t\t<\/div>\n\n\t\t\t\t\t<\/div>\n\t\t\t\t\t\t<\/div>\n\t\t\t\t<\/div>\n\t\t\t\t<div class=\"elementor-element elementor-element-db09cab text-center color-scheme-inherit elementor-widget elementor-widget-text-editor\" data-id=\"db09cab\" data-element_type=\"widget\" data-e-type=\"widget\" data-widget_type=\"text-editor.default\">\n\t\t\t\t\t\t\t\t\t<p>\u00dcr\u00fcnlerimiz Hakk\u0131nda Detayl\u0131 Bilgi \u0130\u00e7in\u00a0<\/p>\t\t\t\t\t\t\t\t<\/div>\n\t\t\t\t<div class=\"elementor-element elementor-element-21b1abd e-transform elementor-align-center elementor-widget__width-initial elementor-mobile-align-justify elementor-widget-mobile__width-inherit elementor-tablet-align-justify elementor-widget-tablet__width-initial elementor-widget elementor-widget-button\" data-id=\"21b1abd\" data-element_type=\"widget\" data-e-type=\"widget\" data-settings=\"{&quot;_transform_translateY_effect_hover&quot;:{&quot;unit&quot;:&quot;px&quot;,&quot;size&quot;:-3,&quot;sizes&quot;:[]},&quot;_transform_translateX_effect_hover&quot;:{&quot;unit&quot;:&quot;px&quot;,&quot;size&quot;:&quot;&quot;,&quot;sizes&quot;:[]},&quot;_transform_translateX_effect_hover_tablet&quot;:{&quot;unit&quot;:&quot;px&quot;,&quot;size&quot;:&quot;&quot;,&quot;sizes&quot;:[]},&quot;_transform_translateX_effect_hover_mobile&quot;:{&quot;unit&quot;:&quot;px&quot;,&quot;size&quot;:&quot;&quot;,&quot;sizes&quot;:[]},&quot;_transform_translateY_effect_hover_tablet&quot;:{&quot;unit&quot;:&quot;px&quot;,&quot;size&quot;:&quot;&quot;,&quot;sizes&quot;:[]},&quot;_transform_translateY_effect_hover_mobile&quot;:{&quot;unit&quot;:&quot;px&quot;,&quot;size&quot;:&quot;&quot;,&quot;sizes&quot;:[]}}\" data-widget_type=\"button.default\">\n\t\t\t\t\t\t\t\t\t\t<a class=\"elementor-button elementor-button-link elementor-size-sm\" href=\"https:\/\/tuncamakina.com\/iletisim\/\">\n\t\t\t\t\t\t<span class=\"elementor-button-content-wrapper\">\n\t\t\t\t\t\t\t\t\t<span class=\"elementor-button-text\">Bize Ula\u015f\u0131n<\/span>\n\t\t\t\t\t<\/span>\n\t\t\t\t\t<\/a>\n\t\t\t\t\t\t\t\t<\/div>\n\t\t\t\t\t<\/div>\n\t\t<\/div>\n\t\t\t\t\t<\/div>\n\t\t<\/section>\n\t\t\t\t<\/div>\n\t\t","protected":false},"excerpt":{"rendered":"<p>Kurulu\u015f Firmam\u0131z 1988 y\u0131l\u0131nda Bursa\u2019da \u201cTunca Teknik Makine Ltd. \u015eti\u201d olarak kurulmu\u015ftur. Ana\/Kurulu\u015f faaliyet alan\u0131m\u0131z \u201cEnd\u00fcstriyel Kay\u0131\u015f &#038; Konvey\u00f6r Bant\u201d<\/p>\n","protected":false},"author":1,"featured_media":0,"parent":0,"menu_order":0,"comment_status":"closed","ping_status":"closed","template":"","meta":{"footnotes":""},"class_list":["post-13079","page","type-page","status-publish","hentry"],"_links":{"self":[{"href":"https:\/\/tuncamakina.com\/tr\/wp-json\/wp\/v2\/pages\/13079","targetHints":{"allow":["GET"]}}],"collection":[{"href":"https:\/\/tuncamakina.com\/tr\/wp-json\/wp\/v2\/pages"}],"about":[{"href":"https:\/\/tuncamakina.com\/tr\/wp-json\/wp\/v2\/types\/page"}],"author":[{"embeddable":true,"href":"https:\/\/tuncamakina.com\/tr\/wp-json\/wp\/v2\/users\/1"}],"replies":[{"embeddable":true,"href":"https:\/\/tuncamakina.com\/tr\/wp-json\/wp\/v2\/comments?post=13079"}],"version-history":[{"count":22,"href":"https:\/\/tuncamakina.com\/tr\/wp-json\/wp\/v2\/pages\/13079\/revisions"}],"predecessor-version":[{"id":15149,"href":"https:\/\/tuncamakina.com\/tr\/wp-json\/wp\/v2\/pages\/13079\/revisions\/15149"}],"wp:attachment":[{"href":"https:\/\/tuncamakina.com\/tr\/wp-json\/wp\/v2\/media?parent=13079"}],"curies":[{"name":"wp","href":"https:\/\/api.w.org\/{rel}","templated":true}]}}