{"id":14084,"date":"2025-05-15T10:15:33","date_gmt":"2025-05-15T10:15:33","guid":{"rendered":"https:\/\/tuncamakina.com\/?post_type=product&#038;p=14084"},"modified":"2025-08-01T16:08:30","modified_gmt":"2025-08-01T16:08:30","slug":"mersmann-serim-makineleri-srm-155e-1800","status":"publish","type":"product","link":"https:\/\/tuncamakina.com\/tr\/urun\/mersmann-serim-makineleri-srm-155e-1800\/","title":{"rendered":"MERSMANN SER\u0130M MAK\u0130NELER\u0130 SRM 155E\/1800"},"content":{"rendered":"","protected":false},"excerpt":{"rendered":"","protected":false},"featured_media":0,"comment_status":"closed","ping_status":"closed","template":"","meta":[],"product_brand":[],"product_cat":[20,101],"product_tag":[],"class_list":{"0":"post-14084","1":"product","2":"type-product","3":"status-publish","5":"product_cat-genel","6":"product_cat-kesimhane-sistemleri-makine-teknoloileri","8":"first","9":"instock","10":"shipping-taxable","11":"product-type-simple"},"_links":{"self":[{"href":"https:\/\/tuncamakina.com\/tr\/wp-json\/wp\/v2\/product\/14084","targetHints":{"allow":["GET"]}}],"collection":[{"href":"https:\/\/tuncamakina.com\/tr\/wp-json\/wp\/v2\/product"}],"about":[{"href":"https:\/\/tuncamakina.com\/tr\/wp-json\/wp\/v2\/types\/product"}],"replies":[{"embeddable":true,"href":"https:\/\/tuncamakina.com\/tr\/wp-json\/wp\/v2\/comments?post=14084"}],"version-history":[{"count":1,"href":"https:\/\/tuncamakina.com\/tr\/wp-json\/wp\/v2\/product\/14084\/revisions"}],"predecessor-version":[{"id":14085,"href":"https:\/\/tuncamakina.com\/tr\/wp-json\/wp\/v2\/product\/14084\/revisions\/14085"}],"wp:attachment":[{"href":"https:\/\/tuncamakina.com\/tr\/wp-json\/wp\/v2\/media?parent=14084"}],"wp:term":[{"taxonomy":"product_brand","embeddable":true,"href":"https:\/\/tuncamakina.com\/tr\/wp-json\/wp\/v2\/product_brand?post=14084"},{"taxonomy":"product_cat","embeddable":true,"href":"https:\/\/tuncamakina.com\/tr\/wp-json\/wp\/v2\/product_cat?post=14084"},{"taxonomy":"product_tag","embeddable":true,"href":"https:\/\/tuncamakina.com\/tr\/wp-json\/wp\/v2\/product_tag?post=14084"}],"curies":[{"name":"wp","href":"https:\/\/api.w.org\/{rel}","templated":true}]}}