{"id":14099,"date":"2025-05-15T12:14:54","date_gmt":"2025-05-15T12:14:54","guid":{"rendered":"https:\/\/tuncamakina.com\/?post_type=product&#038;p=14099"},"modified":"2025-08-01T16:07:36","modified_gmt":"2025-08-01T16:07:36","slug":"mersmann-serim-makineleri-srm-455-xxl","status":"publish","type":"product","link":"https:\/\/tuncamakina.com\/tr\/urun\/mersmann-serim-makineleri-srm-455-xxl\/","title":{"rendered":"MERSMANN SER\u0130M MAK\u0130NELER\u0130 SRM 455 XXL"},"content":{"rendered":"","protected":false},"excerpt":{"rendered":"","protected":false},"featured_media":0,"comment_status":"closed","ping_status":"closed","template":"","meta":[],"product_brand":[],"product_cat":[20,101],"product_tag":[],"class_list":{"0":"post-14099","1":"product","2":"type-product","3":"status-publish","5":"product_cat-genel","6":"product_cat-kesimhane-sistemleri-makine-teknoloileri","8":"first","9":"instock","10":"shipping-taxable","11":"product-type-simple"},"_links":{"self":[{"href":"https:\/\/tuncamakina.com\/tr\/wp-json\/wp\/v2\/product\/14099","targetHints":{"allow":["GET"]}}],"collection":[{"href":"https:\/\/tuncamakina.com\/tr\/wp-json\/wp\/v2\/product"}],"about":[{"href":"https:\/\/tuncamakina.com\/tr\/wp-json\/wp\/v2\/types\/product"}],"replies":[{"embeddable":true,"href":"https:\/\/tuncamakina.com\/tr\/wp-json\/wp\/v2\/comments?post=14099"}],"version-history":[{"count":1,"href":"https:\/\/tuncamakina.com\/tr\/wp-json\/wp\/v2\/product\/14099\/revisions"}],"predecessor-version":[{"id":14100,"href":"https:\/\/tuncamakina.com\/tr\/wp-json\/wp\/v2\/product\/14099\/revisions\/14100"}],"wp:attachment":[{"href":"https:\/\/tuncamakina.com\/tr\/wp-json\/wp\/v2\/media?parent=14099"}],"wp:term":[{"taxonomy":"product_brand","embeddable":true,"href":"https:\/\/tuncamakina.com\/tr\/wp-json\/wp\/v2\/product_brand?post=14099"},{"taxonomy":"product_cat","embeddable":true,"href":"https:\/\/tuncamakina.com\/tr\/wp-json\/wp\/v2\/product_cat?post=14099"},{"taxonomy":"product_tag","embeddable":true,"href":"https:\/\/tuncamakina.com\/tr\/wp-json\/wp\/v2\/product_tag?post=14099"}],"curies":[{"name":"wp","href":"https:\/\/api.w.org\/{rel}","templated":true}]}}