{"id":14213,"date":"2025-05-16T11:21:13","date_gmt":"2025-05-16T11:21:13","guid":{"rendered":"https:\/\/tuncamakina.com\/?post_type=product&#038;p=14213"},"modified":"2025-08-01T15:52:22","modified_gmt":"2025-08-01T15:52:22","slug":"cad-cam-sistemleri-bakim-ve-onarim-hizmetleri","status":"publish","type":"product","link":"https:\/\/tuncamakina.com\/tr\/urun\/cad-cam-sistemleri-bakim-ve-onarim-hizmetleri\/","title":{"rendered":"CAD-CAM S\u0130STEMLER\u0130 BAKIM VE ONARIM H\u0130ZMETLER\u0130"},"content":{"rendered":"","protected":false},"excerpt":{"rendered":"","protected":false},"featured_media":0,"comment_status":"closed","ping_status":"closed","template":"","meta":[],"product_brand":[],"product_cat":[104],"product_tag":[],"class_list":{"0":"post-14213","1":"product","2":"type-product","3":"status-publish","5":"product_cat-teknik-servis","7":"first","8":"instock","9":"shipping-taxable","10":"product-type-simple"},"_links":{"self":[{"href":"https:\/\/tuncamakina.com\/tr\/wp-json\/wp\/v2\/product\/14213","targetHints":{"allow":["GET"]}}],"collection":[{"href":"https:\/\/tuncamakina.com\/tr\/wp-json\/wp\/v2\/product"}],"about":[{"href":"https:\/\/tuncamakina.com\/tr\/wp-json\/wp\/v2\/types\/product"}],"replies":[{"embeddable":true,"href":"https:\/\/tuncamakina.com\/tr\/wp-json\/wp\/v2\/comments?post=14213"}],"version-history":[{"count":2,"href":"https:\/\/tuncamakina.com\/tr\/wp-json\/wp\/v2\/product\/14213\/revisions"}],"predecessor-version":[{"id":15915,"href":"https:\/\/tuncamakina.com\/tr\/wp-json\/wp\/v2\/product\/14213\/revisions\/15915"}],"wp:attachment":[{"href":"https:\/\/tuncamakina.com\/tr\/wp-json\/wp\/v2\/media?parent=14213"}],"wp:term":[{"taxonomy":"product_brand","embeddable":true,"href":"https:\/\/tuncamakina.com\/tr\/wp-json\/wp\/v2\/product_brand?post=14213"},{"taxonomy":"product_cat","embeddable":true,"href":"https:\/\/tuncamakina.com\/tr\/wp-json\/wp\/v2\/product_cat?post=14213"},{"taxonomy":"product_tag","embeddable":true,"href":"https:\/\/tuncamakina.com\/tr\/wp-json\/wp\/v2\/product_tag?post=14213"}],"curies":[{"name":"wp","href":"https:\/\/api.w.org\/{rel}","templated":true}]}}